{"id":9970,"date":"2021-12-29T10:20:38","date_gmt":"2021-12-29T08:20:38","guid":{"rendered":"https:\/\/bayerconstruct.hu\/kapcsolat\/"},"modified":"2025-07-31T17:07:20","modified_gmt":"2025-07-31T15:07:20","slug":"contact","status":"publish","type":"page","link":"https:\/\/bayerconstruct.hu\/en\/contact\/","title":{"rendered":"Contact"},"content":{"rendered":"<section class=\"l-section wpb_row us_custom_81f65fa3 flex-row height_custom color_primary\"><div class=\"l-section-overlay\" style=\"background:linear-gradient(0deg,rgba(0,0,0,0.40),rgba(0,0,0,0.15))\"><\/div><div class=\"l-section-h i-cf\"><div class=\"g-cols vc_row via_grid cols_1 laptops-cols_inherit tablets-cols_1 mobiles-cols_1 valign_bottom type_default stacking_default\" style=\"--columns-gap:0rem;\"><div class=\"wpb_column vc_column_container\"><div class=\"vc_column-inner\"><h1 class=\"w-post-elm post_title entry-title color_link_inherit\">Contact<\/h1><\/div><\/div><\/div><\/div><\/section><section class=\"l-section wpb_row height_custom\"><div class=\"l-section-h i-cf\"><div class=\"g-cols vc_row via_grid cols_1 laptops-cols_2 tablets-cols_1 mobiles-cols_1 valign_top type_default stacking_default\"><div class=\"wpb_column vc_column_container\"><div class=\"vc_column-inner\"><h3 class=\"w-text us_custom_b968ef47\"><span class=\"w-text-h\"><span class=\"w-text-value\">Our Contact Details<\/span><\/span><\/h3><div class=\"w-separator size_small\"><\/div><div class=\"g-cols wpb_row via_grid cols_1 laptops-cols_inherit tablets-cols_2 mobiles-cols_1 valign_top type_default\" style=\"--columns-gap:2rem;\"><div class=\"wpb_column vc_column_container\"><div class=\"vc_column-inner\"><h5 class=\"w-text\"><a target=\"_blank\" href=\"https:\/\/maps.app.goo.gl\/9K7sXs9wcokuB9R96\" class=\"w-text-h\"><span class=\"w-text-value\">3 Homokb\u00e1nya Street, S\u00f3sk\u00fat 2038<\/span><\/a><\/h5><\/div><\/div><div class=\"wpb_column vc_column_container\"><div class=\"vc_column-inner\"><h5 class=\"w-text\"><a href=\"mailto:info@bayerconstruct.com\" class=\"w-text-h\"><span class=\"w-text-value\">info@bayerconstruct.com<\/span><\/a><\/h5><\/div><\/div><\/div><div class=\"w-separator size_custom\" style=\"height:2rem\"><\/div><div class=\"wpb_text_column\"><div class=\"wpb_wrapper\"><p><strong>Company tax identification number:<\/strong> 25343007-2-44<\/p>\n<\/div><\/div><div class=\"wpb_text_column\"><div class=\"wpb_wrapper\"><p><strong>Company registration number:<\/strong> 13 10 041530<\/p>\n<\/div><\/div><div class=\"w-separator size_medium\"><\/div><div class=\"g-cols wpb_row via_grid cols_1 laptops-cols_inherit tablets-cols_inherit mobiles-cols_1 valign_top type_default stacking_default\" style=\"--columns-gap:3rem;\"><div class=\"wpb_column vc_column_container\"><div class=\"vc_column-inner\">[vc_raw_html]JTNDaWZyYW1lJTIwc3JjJTNEJTIyaHR0cHMlM0ElMkYlMkZ3d3cuZ29vZ2xlLmNvbSUyRm1hcHMlMkZlbWJlZCUzRnBiJTNEJTIxMW0xOCUyMTFtMTIlMjExbTMlMjExZDI3MDAuODMwMjI2MjUxMDg5NyUyMTJkMTguODI3MTYzNDc3NDI2NTMlMjEzZDQ3LjM5NTc0NTMwMjUxMjgzNiUyMTJtMyUyMTFmMCUyMTJmMCUyMTNmMCUyMTNtMiUyMTFpMTAyNCUyMTJpNzY4JTIxNGYxMy4xJTIxM20zJTIxMW0yJTIxMXMweDQ3NDFlMjA1YWFhNzVmN2YlMjUzQTB4NzAyN2RiYWQwNjBjM2JhYyUyMTJzQmF5ZXIlMjUyMENvbnN0cnVjdCUyNTIwWnJ0JTIxNWUwJTIxM20yJTIxMXNlbiUyMTJzaHUlMjE0djE3NTM5NzQ0MDcyOTklMjE1bTIlMjExc2VuJTIxMnNodSUyMiUyMHdpZHRoJTNEJTIyMTkyMCUyMiUyMGhlaWdodCUzRCUyMjQ1MCUyMiUyMHN0eWxlJTNEJTIyYm9yZGVyJTNBMCUzQiUyMiUyMGFsbG93ZnVsbHNjcmVlbiUzRCUyMiUyMiUyMGxvYWRpbmclM0QlMjJsYXp5JTIyJTIwcmVmZXJyZXJwb2xpY3klM0QlMjJuby1yZWZlcnJlci13aGVuLWRvd25ncmFkZSUyMiUzRSUzQyUyRmlmcmFtZSUzRQ==[\/vc_raw_html]<\/div><\/div><\/div><\/div><\/div><\/div><\/div><\/section><section class=\"l-section wpb_row us_custom_d7670827 hide_on_default hide_on_laptops hide_on_tablets hide_on_mobiles height_auto\"><div class=\"l-section-h i-cf\"><div class=\"g-cols vc_row via_grid cols_1 laptops-cols_inherit tablets-cols_inherit mobiles-cols_1 valign_top type_default stacking_default\"><div class=\"wpb_column vc_column_container\"><div class=\"vc_column-inner\"><h3 class=\"w-text\"><span class=\"w-text-h\"><span class=\"w-text-value\">Phone Numbers by Industry<\/span><\/span><\/h3><div class=\"w-separator size_small\"><\/div><div class=\"g-cols wpb_row via_grid cols_4 laptops-cols_inherit tablets-cols_2 mobiles-cols_1 valign_top type_default\" style=\"--columns-gap:3rem;\"><div class=\"wpb_column vc_column_container\"><div class=\"vc_column-inner\"><h4 class=\"w-text\"><span class=\"w-text-h\"><span class=\"w-text-value\">County<\/span><\/span><\/h4><h6 class=\"w-text us_custom_7a51749e\"><span class=\"w-text-h\"><span class=\"w-text-value\">+312 123 4567<\/span><\/span><\/h6><div class=\"w-separator size_custom\" style=\"height:0.4rem\"><\/div><div class=\"w-text\"><span class=\"w-text-h\"><span class=\"w-text-value\">country@example.com<\/span><\/span><\/div><div class=\"w-text us_custom_86c1b5a4 has_text_color\"><span class=\"w-text-h\"><span class=\"w-text-value\">Round the clock operation<\/span><\/span><\/div><\/div><\/div><div class=\"wpb_column vc_column_container\"><div class=\"vc_column-inner\"><h4 class=\"w-text\"><span class=\"w-text-h\"><span class=\"w-text-value\">Safety<\/span><\/span><\/h4><h6 class=\"w-text us_custom_7a51749e\"><span class=\"w-text-h\"><span class=\"w-text-value\">+312 123 4468<\/span><\/span><\/h6><div class=\"w-separator size_custom\" style=\"height:0.4rem\"><\/div><div class=\"w-text\"><span class=\"w-text-h\"><span class=\"w-text-value\">safety@example.com<\/span><\/span><\/div><div class=\"w-text us_custom_86c1b5a4 has_text_color\"><span class=\"w-text-h\"><span class=\"w-text-value\">Round the clock operation<\/span><\/span><\/div><\/div><\/div><div class=\"wpb_column vc_column_container\"><div class=\"vc_column-inner\"><h4 class=\"w-text\"><span class=\"w-text-h\"><span class=\"w-text-value\">Social Protection<\/span><\/span><\/h4><h6 class=\"w-text us_custom_7a51749e\"><span class=\"w-text-h\"><span class=\"w-text-value\">+312 123 5569<\/span><\/span><\/h6><div class=\"w-separator size_custom\" style=\"height:0.4rem\"><\/div><div class=\"w-text\"><span class=\"w-text-h\"><span class=\"w-text-value\">social@example.com<\/span><\/span><\/div><div class=\"w-text us_custom_86c1b5a4 has_text_color\"><span class=\"w-text-h\"><span class=\"w-text-value\">Round the clock operation<\/span><\/span><\/div><\/div><\/div><div class=\"wpb_column vc_column_container\"><div class=\"vc_column-inner\"><h4 class=\"w-text\"><span class=\"w-text-h\"><span class=\"w-text-value\">Business<\/span><\/span><\/h4><h6 class=\"w-text us_custom_7a51749e\"><span class=\"w-text-h\"><span class=\"w-text-value\">+312 123 6674<\/span><\/span><\/h6><div class=\"w-separator size_custom\" style=\"height:0.4rem\"><\/div><div class=\"w-text\"><span class=\"w-text-h\"><span class=\"w-text-value\">business@example.com<\/span><\/span><\/div><div class=\"w-text us_custom_86c1b5a4 has_text_color\"><span class=\"w-text-h\"><span class=\"w-text-value\">Round the clock operation<\/span><\/span><\/div><\/div><\/div><\/div><\/div><\/div><\/div><\/div><\/section>\n","protected":false},"excerpt":{"rendered":"ContactOur Contact Details3 Homokb\u00e1nya Street, S\u00f3sk\u00fat 2038info@bayerconstruct.comCompany tax identification number: 25343007-2-44 Company registration number: 13 10 041530 [vc_raw_html]JTNDaWZyYW1lJTIwc3JjJTNEJTIyaHR0cHMlM0ElMkYlMkZ3d3cuZ29vZ2xlLmNvbSUyRm1hcHMlMkZlbWJlZCUzRnBiJTNEJTIxMW0xOCUyMTFtMTIlMjExbTMlMjExZDI3MDAuODMwMjI2MjUxMDg5NyUyMTJkMTguODI3MTYzNDc3NDI2NTMlMjEzZDQ3LjM5NTc0NTMwMjUxMjgzNiUyMTJtMyUyMTFmMCUyMTJmMCUyMTNmMCUyMTNtMiUyMTFpMTAyNCUyMTJpNzY4JTIxNGYxMy4xJTIxM20zJTIxMW0yJTIxMXMweDQ3NDFlMjA1YWFhNzVmN2YlMjUzQTB4NzAyN2RiYWQwNjBjM2JhYyUyMTJzQmF5ZXIlMjUyMENvbnN0cnVjdCUyNTIwWnJ0JTIxNWUwJTIxM20yJTIxMXNlbiUyMTJzaHUlMjE0djE3NTM5NzQ0MDcyOTklMjE1bTIlMjExc2VuJTIxMnNodSUyMiUyMHdpZHRoJTNEJTIyMTkyMCUyMiUyMGhlaWdodCUzRCUyMjQ1MCUyMiUyMHN0eWxlJTNEJTIyYm9yZGVyJTNBMCUzQiUyMiUyMGFsbG93ZnVsbHNjcmVlbiUzRCUyMiUyMiUyMGxvYWRpbmclM0QlMjJsYXp5JTIyJTIwcmVmZXJyZXJwb2xpY3klM0QlMjJuby1yZWZlcnJlci13aGVuLWRvd25ncmFkZSUyMiUzRSUzQyUyRmlmcmFtZSUzRQ==[\/vc_raw_html]Phone Numbers by IndustryCounty+312 123 4567country@example.comRound the clock operationSafety+312 123 4468safety@example.comRound the clock operationSocial Protection+312 123 5569social@example.comRound the clock operationBusiness+312 123 6674business@example.comRound the clock operation","protected":false},"author":1,"featured_media":0,"parent":0,"menu_order":0,"comment_status":"closed","ping_status":"closed","template":"","meta":{"_acf_changed":false,"footnotes":""},"class_list":["post-9970","page","type-page","status-publish","hentry"],"acf":[],"yoast_head":"<!-- This site is optimized with the Yoast SEO plugin v27.2 - https:\/\/yoast.com\/product\/yoast-seo-wordpress\/ -->\n<title>K\u00e9rd\u00e9se van? L\u00e9pjen vel\u00fcnk kapcsolatba! - Bayer Construct<\/title>\n<meta name=\"robots\" content=\"index, follow, max-snippet:-1, max-image-preview:large, max-video-preview:-1\" \/>\n<link rel=\"canonical\" href=\"https:\/\/bayerconstruct.hu\/en\/contact\/\" \/>\n<meta property=\"og:locale\" content=\"en_US\" \/>\n<meta property=\"og:type\" content=\"article\" \/>\n<meta property=\"og:title\" content=\"K\u00e9rd\u00e9se van? L\u00e9pjen vel\u00fcnk kapcsolatba! - Bayer Construct\" \/>\n<meta property=\"og:url\" content=\"https:\/\/bayerconstruct.hu\/en\/contact\/\" \/>\n<meta property=\"og:site_name\" content=\"Bayer Construct\" \/>\n<meta property=\"article:publisher\" content=\"https:\/\/www.facebook.com\/bayerconstruct\/\" \/>\n<meta property=\"article:modified_time\" content=\"2025-07-31T15:07:20+00:00\" \/>\n<meta name=\"twitter:card\" content=\"summary_large_image\" \/>\n<meta name=\"twitter:label1\" content=\"Est. reading time\" \/>\n\t<meta name=\"twitter:data1\" content=\"1 minute\" \/>\n<script type=\"application\/ld+json\" class=\"yoast-schema-graph\">{\"@context\":\"https:\/\/schema.org\",\"@graph\":[{\"@type\":\"WebPage\",\"@id\":\"https:\/\/bayerconstruct.hu\/en\/contact\/\",\"url\":\"https:\/\/bayerconstruct.hu\/en\/contact\/\",\"name\":\"K\u00e9rd\u00e9se van? L\u00e9pjen vel\u00fcnk kapcsolatba! - Bayer Construct\",\"isPartOf\":{\"@id\":\"https:\/\/bayerconstruct.hu\/en\/#website\"},\"datePublished\":\"2021-12-29T08:20:38+00:00\",\"dateModified\":\"2025-07-31T15:07:20+00:00\",\"breadcrumb\":{\"@id\":\"https:\/\/bayerconstruct.hu\/en\/contact\/#breadcrumb\"},\"inLanguage\":\"en-US\",\"potentialAction\":[{\"@type\":\"ReadAction\",\"target\":[\"https:\/\/bayerconstruct.hu\/en\/contact\/\"]}]},{\"@type\":\"BreadcrumbList\",\"@id\":\"https:\/\/bayerconstruct.hu\/en\/contact\/#breadcrumb\",\"itemListElement\":[{\"@type\":\"ListItem\",\"position\":1,\"name\":\"Kezd\u0151lap\",\"item\":\"https:\/\/bayerconstruct.hu\/en\/\"},{\"@type\":\"ListItem\",\"position\":2,\"name\":\"Contact\"}]},{\"@type\":\"WebSite\",\"@id\":\"https:\/\/bayerconstruct.hu\/en\/#website\",\"url\":\"https:\/\/bayerconstruct.hu\/en\/\",\"name\":\"Bayer Construct\",\"description\":\"\",\"publisher\":{\"@id\":\"https:\/\/bayerconstruct.hu\/en\/#organization\"},\"potentialAction\":[{\"@type\":\"SearchAction\",\"target\":{\"@type\":\"EntryPoint\",\"urlTemplate\":\"https:\/\/bayerconstruct.hu\/en\/?s={search_term_string}\"},\"query-input\":{\"@type\":\"PropertyValueSpecification\",\"valueRequired\":true,\"valueName\":\"search_term_string\"}}],\"inLanguage\":\"en-US\"},{\"@type\":\"Organization\",\"@id\":\"https:\/\/bayerconstruct.hu\/en\/#organization\",\"name\":\"Bayer Construct\",\"url\":\"https:\/\/bayerconstruct.hu\/en\/\",\"logo\":{\"@type\":\"ImageObject\",\"inLanguage\":\"en-US\",\"@id\":\"https:\/\/bayerconstruct.hu\/en\/#\/schema\/logo\/image\/\",\"url\":\"https:\/\/bayerconstruct.hu\/wp-content\/uploads\/2024\/04\/bayer-construct-sm-c.png\",\"contentUrl\":\"https:\/\/bayerconstruct.hu\/wp-content\/uploads\/2024\/04\/bayer-construct-sm-c.png\",\"width\":400,\"height\":155,\"caption\":\"Bayer Construct\"},\"image\":{\"@id\":\"https:\/\/bayerconstruct.hu\/en\/#\/schema\/logo\/image\/\"},\"sameAs\":[\"https:\/\/www.facebook.com\/bayerconstruct\/\",\"https:\/\/www.instagram.com\/bayerconstruct\",\"https:\/\/www.linkedin.com\/company\/bayer-construct-zrt\"]}]}<\/script>\n<!-- \/ Yoast SEO plugin. -->","yoast_head_json":{"title":"K\u00e9rd\u00e9se van? L\u00e9pjen vel\u00fcnk kapcsolatba! - Bayer Construct","robots":{"index":"index","follow":"follow","max-snippet":"max-snippet:-1","max-image-preview":"max-image-preview:large","max-video-preview":"max-video-preview:-1"},"canonical":"https:\/\/bayerconstruct.hu\/en\/contact\/","og_locale":"en_US","og_type":"article","og_title":"K\u00e9rd\u00e9se van? L\u00e9pjen vel\u00fcnk kapcsolatba! - Bayer Construct","og_url":"https:\/\/bayerconstruct.hu\/en\/contact\/","og_site_name":"Bayer Construct","article_publisher":"https:\/\/www.facebook.com\/bayerconstruct\/","article_modified_time":"2025-07-31T15:07:20+00:00","twitter_card":"summary_large_image","twitter_misc":{"Est. reading time":"1 minute"},"schema":{"@context":"https:\/\/schema.org","@graph":[{"@type":"WebPage","@id":"https:\/\/bayerconstruct.hu\/en\/contact\/","url":"https:\/\/bayerconstruct.hu\/en\/contact\/","name":"K\u00e9rd\u00e9se van? L\u00e9pjen vel\u00fcnk kapcsolatba! - Bayer Construct","isPartOf":{"@id":"https:\/\/bayerconstruct.hu\/en\/#website"},"datePublished":"2021-12-29T08:20:38+00:00","dateModified":"2025-07-31T15:07:20+00:00","breadcrumb":{"@id":"https:\/\/bayerconstruct.hu\/en\/contact\/#breadcrumb"},"inLanguage":"en-US","potentialAction":[{"@type":"ReadAction","target":["https:\/\/bayerconstruct.hu\/en\/contact\/"]}]},{"@type":"BreadcrumbList","@id":"https:\/\/bayerconstruct.hu\/en\/contact\/#breadcrumb","itemListElement":[{"@type":"ListItem","position":1,"name":"Kezd\u0151lap","item":"https:\/\/bayerconstruct.hu\/en\/"},{"@type":"ListItem","position":2,"name":"Contact"}]},{"@type":"WebSite","@id":"https:\/\/bayerconstruct.hu\/en\/#website","url":"https:\/\/bayerconstruct.hu\/en\/","name":"Bayer Construct","description":"","publisher":{"@id":"https:\/\/bayerconstruct.hu\/en\/#organization"},"potentialAction":[{"@type":"SearchAction","target":{"@type":"EntryPoint","urlTemplate":"https:\/\/bayerconstruct.hu\/en\/?s={search_term_string}"},"query-input":{"@type":"PropertyValueSpecification","valueRequired":true,"valueName":"search_term_string"}}],"inLanguage":"en-US"},{"@type":"Organization","@id":"https:\/\/bayerconstruct.hu\/en\/#organization","name":"Bayer Construct","url":"https:\/\/bayerconstruct.hu\/en\/","logo":{"@type":"ImageObject","inLanguage":"en-US","@id":"https:\/\/bayerconstruct.hu\/en\/#\/schema\/logo\/image\/","url":"https:\/\/bayerconstruct.hu\/wp-content\/uploads\/2024\/04\/bayer-construct-sm-c.png","contentUrl":"https:\/\/bayerconstruct.hu\/wp-content\/uploads\/2024\/04\/bayer-construct-sm-c.png","width":400,"height":155,"caption":"Bayer Construct"},"image":{"@id":"https:\/\/bayerconstruct.hu\/en\/#\/schema\/logo\/image\/"},"sameAs":["https:\/\/www.facebook.com\/bayerconstruct\/","https:\/\/www.instagram.com\/bayerconstruct","https:\/\/www.linkedin.com\/company\/bayer-construct-zrt"]}]}},"_links":{"self":[{"href":"https:\/\/bayerconstruct.hu\/en\/wp-json\/wp\/v2\/pages\/9970","targetHints":{"allow":["GET"]}}],"collection":[{"href":"https:\/\/bayerconstruct.hu\/en\/wp-json\/wp\/v2\/pages"}],"about":[{"href":"https:\/\/bayerconstruct.hu\/en\/wp-json\/wp\/v2\/types\/page"}],"author":[{"embeddable":true,"href":"https:\/\/bayerconstruct.hu\/en\/wp-json\/wp\/v2\/users\/1"}],"replies":[{"embeddable":true,"href":"https:\/\/bayerconstruct.hu\/en\/wp-json\/wp\/v2\/comments?post=9970"}],"version-history":[{"count":6,"href":"https:\/\/bayerconstruct.hu\/en\/wp-json\/wp\/v2\/pages\/9970\/revisions"}],"predecessor-version":[{"id":11056,"href":"https:\/\/bayerconstruct.hu\/en\/wp-json\/wp\/v2\/pages\/9970\/revisions\/11056"}],"wp:attachment":[{"href":"https:\/\/bayerconstruct.hu\/en\/wp-json\/wp\/v2\/media?parent=9970"}],"curies":[{"name":"wp","href":"https:\/\/api.w.org\/{rel}","templated":true}]}}