{"id":9964,"date":"2024-06-06T12:41:45","date_gmt":"2024-06-06T10:41:45","guid":{"rendered":"https:\/\/bayerconstruct.hu\/leanyvallalatok\/"},"modified":"2025-07-07T10:10:44","modified_gmt":"2025-07-07T08:10:44","slug":"additional-subsidiaries","status":"publish","type":"page","link":"https:\/\/bayerconstruct.hu\/en\/additional-subsidiaries\/","title":{"rendered":"Additional Subsidiaries"},"content":{"rendered":"<section class=\"l-section wpb_row us_custom_81f65fa3 flex-row height_custom color_primary with_img\"><div class=\"l-section-img\" role=\"img\" aria-label=\"Image\" data-img-width=\"1920\" data-img-height=\"1277\" style=\"background-image: url(https:\/\/bayerconstruct.hu\/wp-content\/uploads\/2024\/06\/HD_230908_EM_6879.jpg);\"><\/div><div class=\"l-section-overlay\" style=\"background:linear-gradient(0deg,rgba(0,0,0,0.40),rgba(0,0,0,0.15))\"><\/div><div class=\"l-section-h i-cf\"><div class=\"g-cols vc_row via_grid cols_1 laptops-cols_inherit tablets-cols_1 mobiles-cols_1 valign_bottom type_default stacking_default\" style=\"--columns-gap:0rem;\"><div class=\"wpb_column vc_column_container\"><div class=\"vc_column-inner\"><h1 class=\"w-post-elm post_title entry-title color_link_inherit\">Additional Subsidiaries<\/h1><\/div><\/div><\/div><\/div><\/section><section class=\"l-section wpb_row height_custom\"><div class=\"l-section-h i-cf\"><div class=\"g-cols vc_row via_grid cols_1 laptops-cols_inherit tablets-cols_inherit mobiles-cols_1 valign_top type_default stacking_default\"><div class=\"wpb_column vc_column_container\"><div class=\"vc_column-inner\"><div class=\"wpb_text_column\"><div class=\"wpb_wrapper\"><\/div><\/div><div class=\"w-separator size_medium\"><\/div><div class=\"w-grid us_grid type_grid layout_7922 cols_2 preload_style_spinner ratio_4x3\" id=\"us_grid_1\" style=\"--columns:2;--gap:1.5rem;--item-ratio:0.75;\" data-filterable=\"true\"><style>@media (max-width:600px){#us_grid_1{--columns:1!important}}.layout_7922 .w-grid-item-h{}.layout_7922 .usg_post_image_1{transition-duration:0.3s;transform-origin:50% 50%;transform:scale(1) translate(0%,0%)}.layout_7922 .w-grid-item-h:focus-within .usg_post_image_1,.layout_7922 .w-grid-item-h:hover .usg_post_image_1{transform:scale(1.1) translate(0%,0%);opacity:1}.layout_7922 .usg_post_image_1{width:100%!important;height:100%!important;min-height:300px!important;position:absolute!important;background:rgba(0,0,0,0.25)!important}.layout_7922 .usg_hwrapper_1{width:100%!important;height:100%!important;position:absolute!important;overflow:hidden!important;background:rgba(0,0,0,0.30)!important}.layout_7922 .usg_vwrapper_3{width:100%!important;height:100%!important;padding:3rem!important;background:rgba(0,0,0,0.40)!important}.layout_7922 .usg_post_title_1{color:#ffffff!important}.layout_7922 .usg_post_custom_field_1{color:#ffffff!important}<\/style><div class=\"w-grid-list\">\t<article class=\"w-grid-item size_1x1 post-9913 leanyvallalatok type-leanyvallalatok status-publish format-standard has-post-thumbnail hentry leanyvallalat_kategoria-subsidiary\" data-id=\"9913\">\r\n\t\t<div class=\"w-grid-item-h\">\r\n\t\t\t\t\t\t\t<a href=\"https:\/\/bayerconstruct.hu\/en\/leanyvallalatok\/bayer-property\/\" class=\"w-grid-item-anchor\" aria-label=\"Property Sales\"><\/a>\r\n\t\t\t\t\t\t<div class=\"w-hwrapper usg_hwrapper_1 align_none valign_bottom\" style=\"--hwrapper-gap:0rem\"><div class=\"w-vwrapper usg_vwrapper_3 align_center valign_middle\"><h4 class=\"w-post-elm post_title usg_post_title_1 has_text_color align_center entry-title color_link_inherit\">Property Sales<\/h4><h6 class=\"w-post-elm post_custom_field usg_post_custom_field_1 has_text_color type_text cegnev color_link_inherit\"><span class=\"w-post-elm-value\">Bayer Property Zrt.<\/span><\/h6><\/div><div class=\"w-post-elm post_image usg_post_image_1 has_width has_height stretched\"><img decoding=\"async\" width=\"1920\" height=\"1440\" src=\"https:\/\/bayerconstruct.hu\/wp-content\/uploads\/2024\/05\/0940_fbi_kincsem_70_K1-1.jpg\" class=\"attachment-full size-full wp-post-image\" alt=\"\" srcset=\"https:\/\/bayerconstruct.hu\/wp-content\/uploads\/2024\/05\/0940_fbi_kincsem_70_K1-1.jpg 1920w, https:\/\/bayerconstruct.hu\/wp-content\/uploads\/2024\/05\/0940_fbi_kincsem_70_K1-1-300x225.jpg 300w, https:\/\/bayerconstruct.hu\/wp-content\/uploads\/2024\/05\/0940_fbi_kincsem_70_K1-1-1024x768.jpg 1024w\" sizes=\"(max-width: 1920px) 100vw, 1920px\" \/><\/div><\/div>\t\t<\/div>\r\n\t\t\t<\/article>\r\n\t<article class=\"w-grid-item size_1x1 post-9919 leanyvallalatok type-leanyvallalatok status-publish format-standard has-post-thumbnail hentry leanyvallalat_kategoria-subsidiary\" data-id=\"9919\">\r\n\t\t<div class=\"w-grid-item-h\">\r\n\t\t\t\t\t\t\t<a href=\"https:\/\/bayerconstruct.hu\/en\/leanyvallalatok\/barnes-hungary-luxus-ingatlan-ertekesites\/\" class=\"w-grid-item-anchor\" aria-label=\"Luxury property sales\"><\/a>\r\n\t\t\t\t\t\t<div class=\"w-hwrapper usg_hwrapper_1 align_none valign_bottom\" style=\"--hwrapper-gap:0rem\"><div class=\"w-vwrapper usg_vwrapper_3 align_center valign_middle\"><h4 class=\"w-post-elm post_title usg_post_title_1 has_text_color align_center entry-title color_link_inherit\">Luxury property sales<\/h4><h6 class=\"w-post-elm post_custom_field usg_post_custom_field_1 has_text_color type_text cegnev color_link_inherit\"><span class=\"w-post-elm-value\">Barnes Hungary Luxury Homes Kft.<\/span><\/h6><\/div><div class=\"w-post-elm post_image usg_post_image_1 has_width has_height stretched\"><img decoding=\"async\" width=\"1920\" height=\"1280\" src=\"https:\/\/bayerconstruct.hu\/wp-content\/uploads\/2024\/05\/DSC1213.jpg\" class=\"attachment-full size-full wp-post-image\" alt=\"\" srcset=\"https:\/\/bayerconstruct.hu\/wp-content\/uploads\/2024\/05\/DSC1213.jpg 1920w, https:\/\/bayerconstruct.hu\/wp-content\/uploads\/2024\/05\/DSC1213-300x200.jpg 300w, https:\/\/bayerconstruct.hu\/wp-content\/uploads\/2024\/05\/DSC1213-1024x683.jpg 1024w\" sizes=\"(max-width: 1920px) 100vw, 1920px\" \/><\/div><\/div>\t\t<\/div>\r\n\t\t\t<\/article>\r\n\t<article class=\"w-grid-item size_1x1 post-9928 leanyvallalatok type-leanyvallalatok status-publish format-standard has-post-thumbnail hentry leanyvallalat_kategoria-subsidiary\" data-id=\"9928\">\r\n\t\t<div class=\"w-grid-item-h\">\r\n\t\t\t\t\t\t\t<a href=\"https:\/\/bayerconstruct.hu\/en\/leanyvallalatok\/mining\/\" class=\"w-grid-item-anchor\" aria-label=\"Mining\"><\/a>\r\n\t\t\t\t\t\t<div class=\"w-hwrapper usg_hwrapper_1 align_none valign_bottom\" style=\"--hwrapper-gap:0rem\"><div class=\"w-vwrapper usg_vwrapper_3 align_center valign_middle\"><h4 class=\"w-post-elm post_title usg_post_title_1 has_text_color align_center entry-title color_link_inherit\">Mining<\/h4><h6 class=\"w-post-elm post_custom_field usg_post_custom_field_1 has_text_color type_text cegnev color_link_inherit\"><span class=\"w-post-elm-value\">Kvarchomok Kft.<br>Biharb\u00e1nya Kft.<br>Lach\u00e1zi Kavicsb\u00e1nya Kft.<\/span><\/h6><\/div><div class=\"w-post-elm post_image usg_post_image_1 has_width has_height stretched\"><img decoding=\"async\" width=\"2560\" height=\"1706\" src=\"https:\/\/bayerconstruct.hu\/wp-content\/uploads\/2024\/06\/Banyaszat-boritokepe.jpg\" class=\"attachment-full size-full wp-post-image\" alt=\"\" srcset=\"https:\/\/bayerconstruct.hu\/wp-content\/uploads\/2024\/06\/Banyaszat-boritokepe.jpg 2560w, https:\/\/bayerconstruct.hu\/wp-content\/uploads\/2024\/06\/Banyaszat-boritokepe-300x200.jpg 300w, https:\/\/bayerconstruct.hu\/wp-content\/uploads\/2024\/06\/Banyaszat-boritokepe-1024x682.jpg 1024w\" sizes=\"(max-width: 2560px) 100vw, 2560px\" \/><\/div><\/div>\t\t<\/div>\r\n\t\t\t<\/article>\r\n\t<article class=\"w-grid-item size_1x1 post-9924 leanyvallalatok type-leanyvallalatok status-publish format-standard has-post-thumbnail hentry leanyvallalat_kategoria-subsidiary\" data-id=\"9924\">\r\n\t\t<div class=\"w-grid-item-h\">\r\n\t\t\t\t\t\t\t<a href=\"https:\/\/bayerconstruct.hu\/en\/leanyvallalatok\/bay-iron\/\" class=\"w-grid-item-anchor\" aria-label=\"Reinforced Steel Production\"><\/a>\r\n\t\t\t\t\t\t<div class=\"w-hwrapper usg_hwrapper_1 align_none valign_bottom\" style=\"--hwrapper-gap:0rem\"><div class=\"w-vwrapper usg_vwrapper_3 align_center valign_middle\"><h4 class=\"w-post-elm post_title usg_post_title_1 has_text_color align_center entry-title color_link_inherit\">Reinforced Steel Production<\/h4><h6 class=\"w-post-elm post_custom_field usg_post_custom_field_1 has_text_color type_text cegnev color_link_inherit\"><span class=\"w-post-elm-value\">Bay-Iron Kft.<\/span><\/h6><\/div><div class=\"w-post-elm post_image usg_post_image_1 has_width has_height stretched\"><img decoding=\"async\" width=\"1138\" height=\"799\" src=\"https:\/\/bayerconstruct.hu\/wp-content\/uploads\/2024\/06\/bayiron.png\" class=\"attachment-full size-full wp-post-image\" alt=\"\" srcset=\"https:\/\/bayerconstruct.hu\/wp-content\/uploads\/2024\/06\/bayiron.png 1138w, https:\/\/bayerconstruct.hu\/wp-content\/uploads\/2024\/06\/bayiron-300x211.png 300w, https:\/\/bayerconstruct.hu\/wp-content\/uploads\/2024\/06\/bayiron-1024x719.png 1024w\" sizes=\"(max-width: 1138px) 100vw, 1138px\" \/><\/div><\/div>\t\t<\/div>\r\n\t\t\t<\/article>\r\n\t<article class=\"w-grid-item size_1x1 post-10736 leanyvallalatok type-leanyvallalatok status-publish format-standard has-post-thumbnail hentry leanyvallalat_kategoria-subsidiary\" data-id=\"10736\">\r\n\t\t<div class=\"w-grid-item-h\">\r\n\t\t\t\t\t\t\t<a href=\"https:\/\/bayerconstruct.hu\/en\/leanyvallalatok\/viastein-kft\/\" class=\"w-grid-item-anchor\" aria-label=\"Product Manufacturing \/ Sales\"><\/a>\r\n\t\t\t\t\t\t<div class=\"w-hwrapper usg_hwrapper_1 align_none valign_bottom\" style=\"--hwrapper-gap:0rem\"><div class=\"w-vwrapper usg_vwrapper_3 align_center valign_middle\"><h4 class=\"w-post-elm post_title usg_post_title_1 has_text_color align_center entry-title color_link_inherit\">Product Manufacturing \/ Sales<\/h4><h6 class=\"w-post-elm post_custom_field usg_post_custom_field_1 has_text_color type_text cegnev color_link_inherit\"><span class=\"w-post-elm-value\">Viastein Kft.<\/span><\/h6><\/div><div class=\"w-post-elm post_image usg_post_image_1 has_width has_height stretched\"><img decoding=\"async\" width=\"1920\" height=\"1920\" src=\"https:\/\/bayerconstruct.hu\/wp-content\/uploads\/2024\/12\/Nevtelen-1.jpg\" class=\"attachment-full size-full wp-post-image\" alt=\"\" srcset=\"https:\/\/bayerconstruct.hu\/wp-content\/uploads\/2024\/12\/Nevtelen-1.jpg 1920w, https:\/\/bayerconstruct.hu\/wp-content\/uploads\/2024\/12\/Nevtelen-1-300x300.jpg 300w, https:\/\/bayerconstruct.hu\/wp-content\/uploads\/2024\/12\/Nevtelen-1-1024x1024.jpg 1024w, https:\/\/bayerconstruct.hu\/wp-content\/uploads\/2024\/12\/Nevtelen-1-150x150.jpg 150w\" sizes=\"(max-width: 1920px) 100vw, 1920px\" \/><\/div><\/div>\t\t<\/div>\r\n\t\t\t<\/article>\r\n\t<article class=\"w-grid-item size_1x1 post-11542 leanyvallalatok type-leanyvallalatok status-publish format-standard has-post-thumbnail hentry leanyvallalat_kategoria-subsidiary\" data-id=\"11542\">\r\n\t\t<div class=\"w-grid-item-h\">\r\n\t\t\t\t\t\t\t<a href=\"https:\/\/bayerconstruct.hu\/en\/leanyvallalatok\/general-contracting\/\" class=\"w-grid-item-anchor\" aria-label=\"General contracting\"><\/a>\r\n\t\t\t\t\t\t<div class=\"w-hwrapper usg_hwrapper_1 align_none valign_bottom\" style=\"--hwrapper-gap:0rem\"><div class=\"w-vwrapper usg_vwrapper_3 align_center valign_middle\"><h4 class=\"w-post-elm post_title usg_post_title_1 has_text_color align_center entry-title color_link_inherit\">General contracting<\/h4><h6 class=\"w-post-elm post_custom_field usg_post_custom_field_1 has_text_color type_text cegnev color_link_inherit\"><span class=\"w-post-elm-value\">Bayer Strada Srl.<\/span><\/h6><\/div><div class=\"w-post-elm post_image usg_post_image_1 has_width has_height stretched\"><img decoding=\"async\" width=\"1920\" height=\"1280\" src=\"https:\/\/bayerconstruct.hu\/wp-content\/uploads\/2025\/07\/Bayer-Strada-Srl.jpg\" class=\"attachment-full size-full wp-post-image\" alt=\"\" srcset=\"https:\/\/bayerconstruct.hu\/wp-content\/uploads\/2025\/07\/Bayer-Strada-Srl.jpg 1920w, https:\/\/bayerconstruct.hu\/wp-content\/uploads\/2025\/07\/Bayer-Strada-Srl-300x200.jpg 300w, https:\/\/bayerconstruct.hu\/wp-content\/uploads\/2025\/07\/Bayer-Strada-Srl-1024x683.jpg 1024w\" sizes=\"(max-width: 1920px) 100vw, 1920px\" \/><\/div><\/div>\t\t<\/div>\r\n\t\t\t<\/article>\r\n\t<article class=\"w-grid-item size_1x1 post-11548 leanyvallalatok type-leanyvallalatok status-publish format-standard has-post-thumbnail hentry leanyvallalat_kategoria-subsidiary\" data-id=\"11548\">\r\n\t\t<div class=\"w-grid-item-h\">\r\n\t\t\t\t\t\t\t<a href=\"https:\/\/bayerconstruct.hu\/en\/leanyvallalatok\/property-management\/\" class=\"w-grid-item-anchor\" aria-label=\"Property Management\"><\/a>\r\n\t\t\t\t\t\t<div class=\"w-hwrapper usg_hwrapper_1 align_none valign_bottom\" style=\"--hwrapper-gap:0rem\"><div class=\"w-vwrapper usg_vwrapper_3 align_center valign_middle\"><h4 class=\"w-post-elm post_title usg_post_title_1 has_text_color align_center entry-title color_link_inherit\">Property Management<\/h4><h6 class=\"w-post-elm post_custom_field usg_post_custom_field_1 has_text_color type_text cegnev color_link_inherit\"><span class=\"w-post-elm-value\">Bayer-Mester Kft.<\/span><\/h6><\/div><div class=\"w-post-elm post_image usg_post_image_1 has_width has_height stretched\"><img decoding=\"async\" width=\"1341\" height=\"761\" src=\"https:\/\/bayerconstruct.hu\/wp-content\/uploads\/2024\/08\/Elite-Park_.jpg\" class=\"attachment-full size-full wp-post-image\" alt=\"\" srcset=\"https:\/\/bayerconstruct.hu\/wp-content\/uploads\/2024\/08\/Elite-Park_.jpg 1341w, https:\/\/bayerconstruct.hu\/wp-content\/uploads\/2024\/08\/Elite-Park_-300x170.jpg 300w, https:\/\/bayerconstruct.hu\/wp-content\/uploads\/2024\/08\/Elite-Park_-1024x581.jpg 1024w\" sizes=\"(max-width: 1341px) 100vw, 1341px\" \/><\/div><\/div>\t\t<\/div>\r\n\t\t\t<\/article>\r\n\t<article class=\"w-grid-item size_1x1 post-9943 leanyvallalatok type-leanyvallalatok status-publish format-standard has-post-thumbnail hentry leanyvallalat_kategoria-subsidiary\" data-id=\"9943\">\r\n\t\t<div class=\"w-grid-item-h\">\r\n\t\t\t\t\t\t\t<a href=\"https:\/\/bayerconstruct.hu\/en\/leanyvallalatok\/innoviarent-kft\/\" class=\"w-grid-item-anchor\" aria-label=\"Fleet Management\"><\/a>\r\n\t\t\t\t\t\t<div class=\"w-hwrapper usg_hwrapper_1 align_none valign_bottom\" style=\"--hwrapper-gap:0rem\"><div class=\"w-vwrapper usg_vwrapper_3 align_center valign_middle\"><h4 class=\"w-post-elm post_title usg_post_title_1 has_text_color align_center entry-title color_link_inherit\">Fleet Management<\/h4><h6 class=\"w-post-elm post_custom_field usg_post_custom_field_1 has_text_color type_text cegnev color_link_inherit\"><span class=\"w-post-elm-value\">INNOVIARENT Kft.<\/span><\/h6><\/div><div class=\"w-post-elm post_image usg_post_image_1 has_width has_height stretched\"><img decoding=\"async\" width=\"1920\" height=\"1280\" src=\"https:\/\/bayerconstruct.hu\/wp-content\/uploads\/2024\/06\/IMG_0311.jpg\" class=\"attachment-full size-full wp-post-image\" alt=\"\" srcset=\"https:\/\/bayerconstruct.hu\/wp-content\/uploads\/2024\/06\/IMG_0311.jpg 1920w, https:\/\/bayerconstruct.hu\/wp-content\/uploads\/2024\/06\/IMG_0311-300x200.jpg 300w, https:\/\/bayerconstruct.hu\/wp-content\/uploads\/2024\/06\/IMG_0311-1024x683.jpg 1024w\" sizes=\"(max-width: 1920px) 100vw, 1920px\" \/><\/div><\/div>\t\t<\/div>\r\n\t\t\t<\/article>\r\n<\/div>\t<div class=\"w-grid-preloader\">\r\n\t\t<div class=\"g-preloader type_1\">\r\n\t\t\t<div><\/div>\r\n\t\t<\/div>\r\n\t<\/div>\r\n\t\t<div class=\"w-grid-json hidden\" onclick='return {&quot;action&quot;:&quot;us_ajax_grid&quot;,&quot;infinite_scroll&quot;:0,&quot;max_num_pages&quot;:1,&quot;pagination&quot;:&quot;none&quot;,&quot;template_vars&quot;:{&quot;columns&quot;:&quot;2&quot;,&quot;exclude_items&quot;:&quot;none&quot;,&quot;img_size&quot;:&quot;default&quot;,&quot;ignore_items_size&quot;:0,&quot;items_layout&quot;:&quot;7922&quot;,&quot;items_offset&quot;:&quot;1&quot;,&quot;load_animation&quot;:&quot;none&quot;,&quot;overriding_link&quot;:&quot;%7B%22type%22%3A%22post%22%7D&quot;,&quot;post_id&quot;:0,&quot;query_args&quot;:{&quot;post_type&quot;:[&quot;leanyvallalatok&quot;],&quot;tax_query&quot;:[{&quot;taxonomy&quot;:&quot;leanyvallalat_kategoria&quot;,&quot;field&quot;:&quot;slug&quot;,&quot;terms&quot;:[&quot;leanyvallalat&quot;]}],&quot;post_status&quot;:[&quot;publish&quot;,&quot;acf-disabled&quot;],&quot;posts_per_page&quot;:999},&quot;orderby_query_args&quot;:{&quot;orderby&quot;:{&quot;menu_order&quot;:&quot;ASC&quot;},&quot;order&quot;:&quot;ASC&quot;},&quot;type&quot;:&quot;grid&quot;,&quot;us_grid_post_type&quot;:&quot;leanyvallalatok&quot;,&quot;us_grid_ajax_index&quot;:1,&quot;us_grid_filter_query_string&quot;:null,&quot;us_grid_index&quot;:1,&quot;page_args&quot;:[],&quot;lang&quot;:&quot;en&quot;}}'><\/div>\r\n\t<\/div><\/div><\/div><\/div><\/div><\/section>\n","protected":false},"excerpt":{"rendered":"[vc_custom_heading text=\"Innoviarent Kft. was founded in 2016 and has steadily expanded its vehicle fleet over the past decade.\" font_container=\"tag:h4|text_align:left\" use_theme_fonts=\"yes\"]Innoviarent Kft. was founded in 2016 and has steadily expanded its vehicle fleet over the past decade. Today, we are proud to say that our fleet consists of more than 600 vehicles. The company&#8217;s main profile...","protected":false},"author":1,"featured_media":9404,"parent":0,"menu_order":0,"comment_status":"closed","ping_status":"closed","template":"","meta":{"_acf_changed":false,"footnotes":""},"class_list":["post-9964","page","type-page","status-publish","has-post-thumbnail","hentry"],"acf":[],"yoast_head":"<!-- This site is optimized with the Yoast SEO plugin v27.2 - https:\/\/yoast.com\/product\/yoast-seo-wordpress\/ -->\n<title>Additional Subsidiaries - Bayer Construct<\/title>\n<meta name=\"robots\" content=\"index, follow, max-snippet:-1, max-image-preview:large, max-video-preview:-1\" \/>\n<link rel=\"canonical\" href=\"https:\/\/bayerconstruct.hu\/en\/additional-subsidiaries\/\" \/>\n<meta property=\"og:locale\" content=\"en_US\" \/>\n<meta property=\"og:type\" content=\"article\" \/>\n<meta property=\"og:title\" content=\"Additional Subsidiaries - Bayer Construct\" \/>\n<meta property=\"og:url\" content=\"https:\/\/bayerconstruct.hu\/en\/additional-subsidiaries\/\" \/>\n<meta property=\"og:site_name\" content=\"Bayer Construct\" \/>\n<meta property=\"article:publisher\" content=\"https:\/\/www.facebook.com\/bayerconstruct\/\" \/>\n<meta property=\"article:modified_time\" content=\"2025-07-07T08:10:44+00:00\" \/>\n<meta property=\"og:image\" content=\"https:\/\/bayerconstruct.hu\/wp-content\/uploads\/2024\/06\/HD_230908_EM_6879.jpg\" \/>\n\t<meta property=\"og:image:width\" content=\"1920\" \/>\n\t<meta property=\"og:image:height\" content=\"1277\" \/>\n\t<meta property=\"og:image:type\" content=\"image\/jpeg\" \/>\n<meta name=\"twitter:card\" content=\"summary_large_image\" \/>\n<meta name=\"twitter:label1\" content=\"Est. reading time\" \/>\n\t<meta name=\"twitter:data1\" content=\"1 minute\" \/>\n<script type=\"application\/ld+json\" class=\"yoast-schema-graph\">{\"@context\":\"https:\/\/schema.org\",\"@graph\":[{\"@type\":\"WebPage\",\"@id\":\"https:\/\/bayerconstruct.hu\/en\/additional-subsidiaries\/\",\"url\":\"https:\/\/bayerconstruct.hu\/en\/additional-subsidiaries\/\",\"name\":\"Additional Subsidiaries - Bayer Construct\",\"isPartOf\":{\"@id\":\"https:\/\/bayerconstruct.hu\/en\/#website\"},\"primaryImageOfPage\":{\"@id\":\"https:\/\/bayerconstruct.hu\/en\/additional-subsidiaries\/#primaryimage\"},\"image\":{\"@id\":\"https:\/\/bayerconstruct.hu\/en\/additional-subsidiaries\/#primaryimage\"},\"thumbnailUrl\":\"https:\/\/bayerconstruct.hu\/wp-content\/uploads\/2024\/06\/HD_230908_EM_6879.jpg\",\"datePublished\":\"2024-06-06T10:41:45+00:00\",\"dateModified\":\"2025-07-07T08:10:44+00:00\",\"breadcrumb\":{\"@id\":\"https:\/\/bayerconstruct.hu\/en\/additional-subsidiaries\/#breadcrumb\"},\"inLanguage\":\"en-US\",\"potentialAction\":[{\"@type\":\"ReadAction\",\"target\":[\"https:\/\/bayerconstruct.hu\/en\/additional-subsidiaries\/\"]}]},{\"@type\":\"ImageObject\",\"inLanguage\":\"en-US\",\"@id\":\"https:\/\/bayerconstruct.hu\/en\/additional-subsidiaries\/#primaryimage\",\"url\":\"https:\/\/bayerconstruct.hu\/wp-content\/uploads\/2024\/06\/HD_230908_EM_6879.jpg\",\"contentUrl\":\"https:\/\/bayerconstruct.hu\/wp-content\/uploads\/2024\/06\/HD_230908_EM_6879.jpg\",\"width\":1920,\"height\":1277},{\"@type\":\"BreadcrumbList\",\"@id\":\"https:\/\/bayerconstruct.hu\/en\/additional-subsidiaries\/#breadcrumb\",\"itemListElement\":[{\"@type\":\"ListItem\",\"position\":1,\"name\":\"Kezd\u0151lap\",\"item\":\"https:\/\/bayerconstruct.hu\/en\/\"},{\"@type\":\"ListItem\",\"position\":2,\"name\":\"Additional Subsidiaries\"}]},{\"@type\":\"WebSite\",\"@id\":\"https:\/\/bayerconstruct.hu\/en\/#website\",\"url\":\"https:\/\/bayerconstruct.hu\/en\/\",\"name\":\"Bayer Construct\",\"description\":\"\",\"publisher\":{\"@id\":\"https:\/\/bayerconstruct.hu\/en\/#organization\"},\"potentialAction\":[{\"@type\":\"SearchAction\",\"target\":{\"@type\":\"EntryPoint\",\"urlTemplate\":\"https:\/\/bayerconstruct.hu\/en\/?s={search_term_string}\"},\"query-input\":{\"@type\":\"PropertyValueSpecification\",\"valueRequired\":true,\"valueName\":\"search_term_string\"}}],\"inLanguage\":\"en-US\"},{\"@type\":\"Organization\",\"@id\":\"https:\/\/bayerconstruct.hu\/en\/#organization\",\"name\":\"Bayer Construct\",\"url\":\"https:\/\/bayerconstruct.hu\/en\/\",\"logo\":{\"@type\":\"ImageObject\",\"inLanguage\":\"en-US\",\"@id\":\"https:\/\/bayerconstruct.hu\/en\/#\/schema\/logo\/image\/\",\"url\":\"https:\/\/bayerconstruct.hu\/wp-content\/uploads\/2024\/04\/bayer-construct-sm-c.png\",\"contentUrl\":\"https:\/\/bayerconstruct.hu\/wp-content\/uploads\/2024\/04\/bayer-construct-sm-c.png\",\"width\":400,\"height\":155,\"caption\":\"Bayer Construct\"},\"image\":{\"@id\":\"https:\/\/bayerconstruct.hu\/en\/#\/schema\/logo\/image\/\"},\"sameAs\":[\"https:\/\/www.facebook.com\/bayerconstruct\/\",\"https:\/\/www.instagram.com\/bayerconstruct\",\"https:\/\/www.linkedin.com\/company\/bayer-construct-zrt\"]}]}<\/script>\n<!-- \/ Yoast SEO plugin. -->","yoast_head_json":{"title":"Additional Subsidiaries - Bayer Construct","robots":{"index":"index","follow":"follow","max-snippet":"max-snippet:-1","max-image-preview":"max-image-preview:large","max-video-preview":"max-video-preview:-1"},"canonical":"https:\/\/bayerconstruct.hu\/en\/additional-subsidiaries\/","og_locale":"en_US","og_type":"article","og_title":"Additional Subsidiaries - Bayer Construct","og_url":"https:\/\/bayerconstruct.hu\/en\/additional-subsidiaries\/","og_site_name":"Bayer Construct","article_publisher":"https:\/\/www.facebook.com\/bayerconstruct\/","article_modified_time":"2025-07-07T08:10:44+00:00","og_image":[{"width":1920,"height":1277,"url":"https:\/\/bayerconstruct.hu\/wp-content\/uploads\/2024\/06\/HD_230908_EM_6879.jpg","type":"image\/jpeg"}],"twitter_card":"summary_large_image","twitter_misc":{"Est. reading time":"1 minute"},"schema":{"@context":"https:\/\/schema.org","@graph":[{"@type":"WebPage","@id":"https:\/\/bayerconstruct.hu\/en\/additional-subsidiaries\/","url":"https:\/\/bayerconstruct.hu\/en\/additional-subsidiaries\/","name":"Additional Subsidiaries - Bayer Construct","isPartOf":{"@id":"https:\/\/bayerconstruct.hu\/en\/#website"},"primaryImageOfPage":{"@id":"https:\/\/bayerconstruct.hu\/en\/additional-subsidiaries\/#primaryimage"},"image":{"@id":"https:\/\/bayerconstruct.hu\/en\/additional-subsidiaries\/#primaryimage"},"thumbnailUrl":"https:\/\/bayerconstruct.hu\/wp-content\/uploads\/2024\/06\/HD_230908_EM_6879.jpg","datePublished":"2024-06-06T10:41:45+00:00","dateModified":"2025-07-07T08:10:44+00:00","breadcrumb":{"@id":"https:\/\/bayerconstruct.hu\/en\/additional-subsidiaries\/#breadcrumb"},"inLanguage":"en-US","potentialAction":[{"@type":"ReadAction","target":["https:\/\/bayerconstruct.hu\/en\/additional-subsidiaries\/"]}]},{"@type":"ImageObject","inLanguage":"en-US","@id":"https:\/\/bayerconstruct.hu\/en\/additional-subsidiaries\/#primaryimage","url":"https:\/\/bayerconstruct.hu\/wp-content\/uploads\/2024\/06\/HD_230908_EM_6879.jpg","contentUrl":"https:\/\/bayerconstruct.hu\/wp-content\/uploads\/2024\/06\/HD_230908_EM_6879.jpg","width":1920,"height":1277},{"@type":"BreadcrumbList","@id":"https:\/\/bayerconstruct.hu\/en\/additional-subsidiaries\/#breadcrumb","itemListElement":[{"@type":"ListItem","position":1,"name":"Kezd\u0151lap","item":"https:\/\/bayerconstruct.hu\/en\/"},{"@type":"ListItem","position":2,"name":"Additional Subsidiaries"}]},{"@type":"WebSite","@id":"https:\/\/bayerconstruct.hu\/en\/#website","url":"https:\/\/bayerconstruct.hu\/en\/","name":"Bayer Construct","description":"","publisher":{"@id":"https:\/\/bayerconstruct.hu\/en\/#organization"},"potentialAction":[{"@type":"SearchAction","target":{"@type":"EntryPoint","urlTemplate":"https:\/\/bayerconstruct.hu\/en\/?s={search_term_string}"},"query-input":{"@type":"PropertyValueSpecification","valueRequired":true,"valueName":"search_term_string"}}],"inLanguage":"en-US"},{"@type":"Organization","@id":"https:\/\/bayerconstruct.hu\/en\/#organization","name":"Bayer Construct","url":"https:\/\/bayerconstruct.hu\/en\/","logo":{"@type":"ImageObject","inLanguage":"en-US","@id":"https:\/\/bayerconstruct.hu\/en\/#\/schema\/logo\/image\/","url":"https:\/\/bayerconstruct.hu\/wp-content\/uploads\/2024\/04\/bayer-construct-sm-c.png","contentUrl":"https:\/\/bayerconstruct.hu\/wp-content\/uploads\/2024\/04\/bayer-construct-sm-c.png","width":400,"height":155,"caption":"Bayer Construct"},"image":{"@id":"https:\/\/bayerconstruct.hu\/en\/#\/schema\/logo\/image\/"},"sameAs":["https:\/\/www.facebook.com\/bayerconstruct\/","https:\/\/www.instagram.com\/bayerconstruct","https:\/\/www.linkedin.com\/company\/bayer-construct-zrt"]}]}},"_links":{"self":[{"href":"https:\/\/bayerconstruct.hu\/en\/wp-json\/wp\/v2\/pages\/9964","targetHints":{"allow":["GET"]}}],"collection":[{"href":"https:\/\/bayerconstruct.hu\/en\/wp-json\/wp\/v2\/pages"}],"about":[{"href":"https:\/\/bayerconstruct.hu\/en\/wp-json\/wp\/v2\/types\/page"}],"author":[{"embeddable":true,"href":"https:\/\/bayerconstruct.hu\/en\/wp-json\/wp\/v2\/users\/1"}],"replies":[{"embeddable":true,"href":"https:\/\/bayerconstruct.hu\/en\/wp-json\/wp\/v2\/comments?post=9964"}],"version-history":[{"count":2,"href":"https:\/\/bayerconstruct.hu\/en\/wp-json\/wp\/v2\/pages\/9964\/revisions"}],"predecessor-version":[{"id":9991,"href":"https:\/\/bayerconstruct.hu\/en\/wp-json\/wp\/v2\/pages\/9964\/revisions\/9991"}],"wp:featuredmedia":[{"embeddable":true,"href":"https:\/\/bayerconstruct.hu\/en\/wp-json\/wp\/v2\/media\/9404"}],"wp:attachment":[{"href":"https:\/\/bayerconstruct.hu\/en\/wp-json\/wp\/v2\/media?parent=9964"}],"curies":[{"name":"wp","href":"https:\/\/api.w.org\/{rel}","templated":true}]}}