{"id":9960,"date":"2024-05-08T16:04:39","date_gmt":"2024-05-08T14:04:39","guid":{"rendered":"https:\/\/bayerconstruct.hu\/karrier\/"},"modified":"2025-08-04T15:37:57","modified_gmt":"2025-08-04T13:37:57","slug":"career","status":"publish","type":"page","link":"https:\/\/bayerconstruct.hu\/en\/career\/","title":{"rendered":"Career"},"content":{"rendered":"<section class=\"l-section wpb_row us_custom_81f65fa3 flex-row height_custom color_primary with_img\"><div class=\"l-section-img\" role=\"img\" aria-label=\"Image\" data-img-width=\"2560\" data-img-height=\"1709\" style=\"background-image: url(https:\/\/bayerconstruct.hu\/wp-content\/uploads\/2024\/05\/152_5.jpg);\"><\/div><div class=\"l-section-overlay\" style=\"background:linear-gradient(0deg,rgba(0,0,0,0.40),rgba(0,0,0,0.15))\"><\/div><div class=\"l-section-h i-cf\"><div class=\"g-cols vc_row via_grid cols_1 laptops-cols_inherit tablets-cols_1 mobiles-cols_1 valign_bottom type_default stacking_default\" style=\"--columns-gap:0rem;\"><div class=\"wpb_column vc_column_container\"><div class=\"vc_column-inner\"><h1 class=\"w-post-elm post_title entry-title color_link_inherit\">Career<\/h1><\/div><\/div><\/div><\/div><\/section><section class=\"l-section wpb_row height_custom\"><div class=\"l-section-h i-cf\"><div class=\"g-cols vc_row via_grid cols_2 laptops-cols_inherit tablets-cols_inherit mobiles-cols_1 valign_top type_default stacking_default\"><div class=\"wpb_column vc_column_container type_sticky\"><div class=\"vc_column-inner\"><h3 class=\"w-text\"><span class=\"w-text-h\"><span class=\"w-text-value\">As a dynamically growing company, we are constantly looking for new colleagues for both intellectual and physical jobs.<\/span><\/span><\/h3><div class=\"wpb_text_column\"><div class=\"wpb_wrapper\"><h3 class=\"cvGsUA direction-ltr align-start para-style-body\"><strong><span class=\"OYPEnA font-feature-liga-off font-feature-clig-off font-feature-calt-off text-decoration-none text-strikethrough-none\">Take a look at our current vacancies: <a style=\"text-transform: lowercase;\" href=\"https:\/\/www.profession.hu\/cegek\/bayer-construct-zrt\/allasok\" target=\"_blank\" rel=\"noopener noreferrer nofollow\">profession.hu<\/a><br \/>\n<\/span><\/strong><\/h3>\n<\/div><\/div><\/div><\/div><div class=\"wpb_column vc_column_container\"><div class=\"vc_column-inner\"><div class=\"wpb_text_column\"><div class=\"wpb_wrapper\"><h5>WHAT WE OFFER:<\/h5>\n<\/div><\/div><div class=\"w-separator size_medium\"><\/div><div class=\"w-hwrapper us_custom_98dbba96 valign_top wrap stack_on_mobiles align_left\" style=\"--hwrapper-gap:3rem\"><div class=\"w-iconbox us_custom_b7f63bbd iconpos_left style_default color_primary align_left no_title\"><div class=\"w-iconbox-icon\" style=\"font-size:2rem;\"><i class=\"far fa-check-circle\"><\/i><\/div><div class=\"w-iconbox-meta\"><div class=\"w-iconbox-text\"><p><strong>Stable and dynamically growing corporate background<\/strong><\/p>\n<\/div><\/div><\/div><div class=\"w-iconbox us_custom_b7f63bbd iconpos_left style_default color_primary align_left no_title\"><div class=\"w-iconbox-icon\" style=\"font-size:2rem;\"><i class=\"far fa-check-circle\"><\/i><\/div><div class=\"w-iconbox-meta\"><div class=\"w-iconbox-text\"><p><strong>Long-term, secure employment opportunity<\/strong><\/p>\n<\/div><\/div><\/div><div class=\"w-iconbox us_custom_b7f63bbd iconpos_left style_default color_primary align_left no_title\"><div class=\"w-iconbox-icon\" style=\"font-size:2rem;\"><i class=\"far fa-check-circle\"><\/i><\/div><div class=\"w-iconbox-meta\"><div class=\"w-iconbox-text\"><p><strong>Challenging and responsible work<\/strong><\/p>\n<\/div><\/div><\/div><div class=\"w-iconbox us_custom_b7f63bbd iconpos_left style_default color_primary align_left no_title\"><div class=\"w-iconbox-icon\" style=\"font-size:2rem;\"><i class=\"far fa-check-circle\"><\/i><\/div><div class=\"w-iconbox-meta\"><div class=\"w-iconbox-text\"><p><strong>Continuously advancing career opportunities<\/strong><\/p>\n<\/div><\/div><\/div><div class=\"w-iconbox us_custom_b7f63bbd iconpos_left style_default color_primary align_left no_title\"><div class=\"w-iconbox-icon\" style=\"font-size:2rem;\"><i class=\"far fa-check-circle\"><\/i><\/div><div class=\"w-iconbox-meta\"><div class=\"w-iconbox-text\"><p><strong>Competitive salary<\/strong><\/p>\n<\/div><\/div><\/div><\/div><\/div><\/div><\/div><\/div><\/section><section class=\"l-section wpb_row height_auto\"><div class=\"l-section-h i-cf\"><div class=\"g-cols vc_row via_grid cols_1 laptops-cols_inherit tablets-cols_inherit mobiles-cols_1 valign_top type_default stacking_default\"><div class=\"wpb_column vc_column_container type_sticky\"><div class=\"vc_column-inner\"><div class=\"w-separator size_custom with_line width_default thick_1 style_solid color_border align_center\" style=\"height:4px\"><div class=\"w-separator-h\"><\/div><\/div><\/div><\/div><\/div><\/div><\/section><section class=\"l-section wpb_row height_custom\"><div class=\"l-section-h i-cf\"><div class=\"g-cols vc_row via_grid cols_1 laptops-cols_inherit tablets-cols_inherit mobiles-cols_1 valign_top type_default stacking_default\"><div class=\"wpb_column vc_column_container\"><div class=\"vc_column-inner\">[vc_custom_heading text=&#8221;Be part of a<br \/>\ndedicated team.&#8221; font_container=&#8221;tag:h3|text_align:left&#8221; use_theme_fonts=&#8221;yes&#8221; css=&#8221;%7B%22default%22%3A%7B%22color%22%3A%22_content_border%22%7D%7D&#8221;]<div class=\"w-separator size_small\"><\/div><div class=\"wpb_text_column\"><div class=\"wpb_wrapper\"><h4 class=\"cvGsUA direction-ltr align-start para-style-body\">Can&#8217;t find a position that suits you right now?<\/h4>\n<\/div><\/div><div class=\"wpb_text_column\"><div class=\"wpb_wrapper\"><p>Don&#8217;t worry &#8211; we&#8217;d love to meet you! Fill in the form below,<br \/>\nIf an opportunity opens up in the future that suits you, we&#8217;ll be looking for you!<\/p>\n<\/div><\/div><div class=\"w-separator size_large\"><\/div>\n<div class=\"wpcf7 no-js\" id=\"wpcf7-f11188-o1\" lang=\"hu-HU\" dir=\"ltr\" data-wpcf7-id=\"11188\">\n<div class=\"screen-reader-response\"><p role=\"status\" aria-live=\"polite\" aria-atomic=\"true\"><\/p> <ul><\/ul><\/div>\n<form action=\"\/en\/wp-json\/wp\/v2\/pages\/9960#wpcf7-f11188-o1\" method=\"post\" class=\"wpcf7-form init\" aria-label=\"Kapcsolatfelv\u00e9teli \u0171rlap\" enctype=\"multipart\/form-data\" novalidate=\"novalidate\" data-status=\"init\">\n<fieldset class=\"hidden-fields-container\"><input type=\"hidden\" name=\"_wpcf7\" value=\"11188\" \/><input type=\"hidden\" name=\"_wpcf7_version\" value=\"6.1.5\" \/><input type=\"hidden\" name=\"_wpcf7_locale\" value=\"hu_HU\" \/><input type=\"hidden\" name=\"_wpcf7_unit_tag\" value=\"wpcf7-f11188-o1\" \/><input type=\"hidden\" name=\"_wpcf7_container_post\" value=\"0\" \/><input type=\"hidden\" name=\"_wpcf7_posted_data_hash\" value=\"\" \/>\n<\/fieldset>\n<div class=\"form-row\">\n\t<p><label for=\"your-name\"><\/label><span class=\"wpcf7-form-control-wrap\" data-name=\"your-name\"><input size=\"40\" maxlength=\"400\" class=\"wpcf7-form-control wpcf7-text wpcf7-validates-as-required\" aria-required=\"true\" aria-invalid=\"false\" placeholder=\"Full name *\" value=\"\" type=\"text\" name=\"your-name\" \/><\/span>\n\t<\/p>\n<\/div>\n<div class=\"form-row\">\n\t<p><label for=\"your-email\"><\/label><span class=\"wpcf7-form-control-wrap\" data-name=\"your-email\"><input size=\"40\" maxlength=\"400\" class=\"wpcf7-form-control wpcf7-email wpcf7-validates-as-required wpcf7-text wpcf7-validates-as-email\" aria-required=\"true\" aria-invalid=\"false\" placeholder=\"Email address *\" value=\"\" type=\"email\" name=\"your-email\" \/><\/span>\n\t<\/p>\n<\/div>\n<div class=\"form-row\">\n\t<p><label for=\"tel-510\"><\/label><span class=\"wpcf7-form-control-wrap\" data-name=\"tel-510\"><input size=\"40\" maxlength=\"400\" class=\"wpcf7-form-control wpcf7-tel wpcf7-validates-as-required wpcf7-text wpcf7-validates-as-tel\" aria-required=\"true\" aria-invalid=\"false\" placeholder=\"Phone number *\" value=\"\" type=\"tel\" name=\"tel-510\" \/><\/span>\n\t<\/p>\n<\/div>\n<p><label><\/label>\n<\/p>\n<h5>Upload your CV\n<\/h5>\n<p><span class=\"wpcf7-form-control-wrap\" data-name=\"file-387\"><input size=\"40\" class=\"wpcf7-form-control wpcf7-file wpcf7-validates-as-required\" accept=\".pdf,.doc,.docx,.rtf,.txt\" aria-required=\"true\" aria-invalid=\"false\" type=\"file\" name=\"file-387\" \/><\/span>\n<\/p>\n<div class=\"form-row\">\n\t<p><label for=\"your-message\"><\/label><span class=\"wpcf7-form-control-wrap\" data-name=\"your-message\"><textarea cols=\"10\" rows=\"6\" maxlength=\"2000\" class=\"wpcf7-form-control wpcf7-textarea wpcf7-validates-as-required\" aria-required=\"true\" aria-invalid=\"false\" placeholder=\"Message *\" name=\"your-message\"><\/textarea><\/span>\n\t<\/p>\n<\/div>\n<p><span class=\"wpcf7-form-control-wrap\" data-name=\"altalanos\"><span class=\"wpcf7-form-control wpcf7-acceptance\"><span class=\"wpcf7-list-item\"><label><input type=\"checkbox\" name=\"altalanos\" value=\"1\" aria-invalid=\"false\" \/><span class=\"wpcf7-list-item-label\">I accept the content of the <a class=\"link\" href=\"\/adatkezelesi-tajekoztato\/\">Privacy Policy<\/a>.<font color=\"red\">*<\/font><\/span><\/label><\/span><\/span><\/span>\n<\/p>\n<div class=\"form-row\">\n\t<p><input class=\"wpcf7-form-control wpcf7-submit has-spinner\" type=\"submit\" value=\"Send\" \/>\n\t<\/p>\n<\/div><p style=\"display: none !important;\" class=\"akismet-fields-container\" data-prefix=\"_wpcf7_ak_\"><label>&#916;<textarea name=\"_wpcf7_ak_hp_textarea\" cols=\"45\" rows=\"8\" maxlength=\"100\"><\/textarea><\/label><input type=\"hidden\" id=\"ak_js_1\" name=\"_wpcf7_ak_js\" value=\"34\"\/><script>document.getElementById( \"ak_js_1\" ).setAttribute( \"value\", ( new Date() ).getTime() );<\/script><\/p><div class=\"wpcf7-response-output\" aria-hidden=\"true\"><\/div>\n<\/form>\n<\/div>\n<\/div><\/div><\/div><\/div><\/section>\n","protected":false},"excerpt":{"rendered":"CareerAs a dynamically growing company, we are constantly looking for new colleagues for both intellectual and physical jobs.Take a look at our current vacancies: profession.hu WHAT WE OFFER: Stable and dynamically growing corporate background Long-term, secure employment opportunity Challenging and responsible work Continuously advancing career opportunities Competitive salary [vc_custom_heading text=\"Be part of a dedicated team.\"...","protected":false},"author":1,"featured_media":8726,"parent":0,"menu_order":0,"comment_status":"closed","ping_status":"closed","template":"","meta":{"_acf_changed":false,"footnotes":""},"class_list":["post-9960","page","type-page","status-publish","has-post-thumbnail","hentry"],"acf":[],"yoast_head":"<!-- This site is optimized with the Yoast SEO plugin v27.2 - https:\/\/yoast.com\/product\/yoast-seo-wordpress\/ -->\n<title>L\u00e9gy egy elk\u00f6telezett csapat tagja - Bayer Construct<\/title>\n<meta name=\"description\" content=\"Dinamikusan fejl\u0151d\u0151 v\u00e1llalatk\u00e9nt folyamatosan keress\u00fck \u00faj koll\u00e9g\u00e1inkat szellemi \u00e9s fizikai munkak\u00f6r\u00f6kbe egyar\u00e1nt.\" \/>\n<meta name=\"robots\" content=\"index, follow, max-snippet:-1, max-image-preview:large, max-video-preview:-1\" \/>\n<link rel=\"canonical\" href=\"https:\/\/bayerconstruct.hu\/en\/career\/\" \/>\n<meta property=\"og:locale\" content=\"en_US\" \/>\n<meta property=\"og:type\" content=\"article\" \/>\n<meta property=\"og:title\" content=\"L\u00e9gy egy elk\u00f6telezett csapat tagja - Bayer Construct\" \/>\n<meta property=\"og:description\" content=\"Dinamikusan fejl\u0151d\u0151 v\u00e1llalatk\u00e9nt folyamatosan keress\u00fck \u00faj koll\u00e9g\u00e1inkat szellemi \u00e9s fizikai munkak\u00f6r\u00f6kbe egyar\u00e1nt.\" \/>\n<meta property=\"og:url\" content=\"https:\/\/bayerconstruct.hu\/en\/career\/\" \/>\n<meta property=\"og:site_name\" content=\"Bayer Construct\" \/>\n<meta property=\"article:publisher\" content=\"https:\/\/www.facebook.com\/bayerconstruct\/\" \/>\n<meta property=\"article:modified_time\" content=\"2025-08-04T13:37:57+00:00\" \/>\n<meta property=\"og:image\" content=\"https:\/\/bayerconstruct.hu\/wp-content\/uploads\/2024\/05\/152_5.jpg\" \/>\n\t<meta property=\"og:image:width\" content=\"2560\" \/>\n\t<meta property=\"og:image:height\" content=\"1709\" \/>\n\t<meta property=\"og:image:type\" content=\"image\/jpeg\" \/>\n<meta name=\"twitter:card\" content=\"summary_large_image\" \/>\n<meta name=\"twitter:label1\" content=\"Est. reading time\" \/>\n\t<meta name=\"twitter:data1\" content=\"2 minutes\" \/>\n<script type=\"application\/ld+json\" class=\"yoast-schema-graph\">{\"@context\":\"https:\/\/schema.org\",\"@graph\":[{\"@type\":\"WebPage\",\"@id\":\"https:\/\/bayerconstruct.hu\/en\/career\/\",\"url\":\"https:\/\/bayerconstruct.hu\/en\/career\/\",\"name\":\"L\u00e9gy egy elk\u00f6telezett csapat tagja - Bayer Construct\",\"isPartOf\":{\"@id\":\"https:\/\/bayerconstruct.hu\/en\/#website\"},\"primaryImageOfPage\":{\"@id\":\"https:\/\/bayerconstruct.hu\/en\/career\/#primaryimage\"},\"image\":{\"@id\":\"https:\/\/bayerconstruct.hu\/en\/career\/#primaryimage\"},\"thumbnailUrl\":\"https:\/\/bayerconstruct.hu\/wp-content\/uploads\/2024\/05\/152_5.jpg\",\"datePublished\":\"2024-05-08T14:04:39+00:00\",\"dateModified\":\"2025-08-04T13:37:57+00:00\",\"description\":\"Dinamikusan fejl\u0151d\u0151 v\u00e1llalatk\u00e9nt folyamatosan keress\u00fck \u00faj koll\u00e9g\u00e1inkat szellemi \u00e9s fizikai munkak\u00f6r\u00f6kbe egyar\u00e1nt.\",\"breadcrumb\":{\"@id\":\"https:\/\/bayerconstruct.hu\/en\/career\/#breadcrumb\"},\"inLanguage\":\"en-US\",\"potentialAction\":[{\"@type\":\"ReadAction\",\"target\":[\"https:\/\/bayerconstruct.hu\/en\/career\/\"]}]},{\"@type\":\"ImageObject\",\"inLanguage\":\"en-US\",\"@id\":\"https:\/\/bayerconstruct.hu\/en\/career\/#primaryimage\",\"url\":\"https:\/\/bayerconstruct.hu\/wp-content\/uploads\/2024\/05\/152_5.jpg\",\"contentUrl\":\"https:\/\/bayerconstruct.hu\/wp-content\/uploads\/2024\/05\/152_5.jpg\",\"width\":2560,\"height\":1709},{\"@type\":\"BreadcrumbList\",\"@id\":\"https:\/\/bayerconstruct.hu\/en\/career\/#breadcrumb\",\"itemListElement\":[{\"@type\":\"ListItem\",\"position\":1,\"name\":\"Kezd\u0151lap\",\"item\":\"https:\/\/bayerconstruct.hu\/en\/\"},{\"@type\":\"ListItem\",\"position\":2,\"name\":\"Career\"}]},{\"@type\":\"WebSite\",\"@id\":\"https:\/\/bayerconstruct.hu\/en\/#website\",\"url\":\"https:\/\/bayerconstruct.hu\/en\/\",\"name\":\"Bayer Construct\",\"description\":\"\",\"publisher\":{\"@id\":\"https:\/\/bayerconstruct.hu\/en\/#organization\"},\"potentialAction\":[{\"@type\":\"SearchAction\",\"target\":{\"@type\":\"EntryPoint\",\"urlTemplate\":\"https:\/\/bayerconstruct.hu\/en\/?s={search_term_string}\"},\"query-input\":{\"@type\":\"PropertyValueSpecification\",\"valueRequired\":true,\"valueName\":\"search_term_string\"}}],\"inLanguage\":\"en-US\"},{\"@type\":\"Organization\",\"@id\":\"https:\/\/bayerconstruct.hu\/en\/#organization\",\"name\":\"Bayer Construct\",\"url\":\"https:\/\/bayerconstruct.hu\/en\/\",\"logo\":{\"@type\":\"ImageObject\",\"inLanguage\":\"en-US\",\"@id\":\"https:\/\/bayerconstruct.hu\/en\/#\/schema\/logo\/image\/\",\"url\":\"https:\/\/bayerconstruct.hu\/wp-content\/uploads\/2024\/04\/bayer-construct-sm-c.png\",\"contentUrl\":\"https:\/\/bayerconstruct.hu\/wp-content\/uploads\/2024\/04\/bayer-construct-sm-c.png\",\"width\":400,\"height\":155,\"caption\":\"Bayer Construct\"},\"image\":{\"@id\":\"https:\/\/bayerconstruct.hu\/en\/#\/schema\/logo\/image\/\"},\"sameAs\":[\"https:\/\/www.facebook.com\/bayerconstruct\/\",\"https:\/\/www.instagram.com\/bayerconstruct\",\"https:\/\/www.linkedin.com\/company\/bayer-construct-zrt\"]}]}<\/script>\n<!-- \/ Yoast SEO plugin. -->","yoast_head_json":{"title":"L\u00e9gy egy elk\u00f6telezett csapat tagja - Bayer Construct","description":"Dinamikusan fejl\u0151d\u0151 v\u00e1llalatk\u00e9nt folyamatosan keress\u00fck \u00faj koll\u00e9g\u00e1inkat szellemi \u00e9s fizikai munkak\u00f6r\u00f6kbe egyar\u00e1nt.","robots":{"index":"index","follow":"follow","max-snippet":"max-snippet:-1","max-image-preview":"max-image-preview:large","max-video-preview":"max-video-preview:-1"},"canonical":"https:\/\/bayerconstruct.hu\/en\/career\/","og_locale":"en_US","og_type":"article","og_title":"L\u00e9gy egy elk\u00f6telezett csapat tagja - Bayer Construct","og_description":"Dinamikusan fejl\u0151d\u0151 v\u00e1llalatk\u00e9nt folyamatosan keress\u00fck \u00faj koll\u00e9g\u00e1inkat szellemi \u00e9s fizikai munkak\u00f6r\u00f6kbe egyar\u00e1nt.","og_url":"https:\/\/bayerconstruct.hu\/en\/career\/","og_site_name":"Bayer Construct","article_publisher":"https:\/\/www.facebook.com\/bayerconstruct\/","article_modified_time":"2025-08-04T13:37:57+00:00","og_image":[{"width":2560,"height":1709,"url":"https:\/\/bayerconstruct.hu\/wp-content\/uploads\/2024\/05\/152_5.jpg","type":"image\/jpeg"}],"twitter_card":"summary_large_image","twitter_misc":{"Est. reading time":"2 minutes"},"schema":{"@context":"https:\/\/schema.org","@graph":[{"@type":"WebPage","@id":"https:\/\/bayerconstruct.hu\/en\/career\/","url":"https:\/\/bayerconstruct.hu\/en\/career\/","name":"L\u00e9gy egy elk\u00f6telezett csapat tagja - Bayer Construct","isPartOf":{"@id":"https:\/\/bayerconstruct.hu\/en\/#website"},"primaryImageOfPage":{"@id":"https:\/\/bayerconstruct.hu\/en\/career\/#primaryimage"},"image":{"@id":"https:\/\/bayerconstruct.hu\/en\/career\/#primaryimage"},"thumbnailUrl":"https:\/\/bayerconstruct.hu\/wp-content\/uploads\/2024\/05\/152_5.jpg","datePublished":"2024-05-08T14:04:39+00:00","dateModified":"2025-08-04T13:37:57+00:00","description":"Dinamikusan fejl\u0151d\u0151 v\u00e1llalatk\u00e9nt folyamatosan keress\u00fck \u00faj koll\u00e9g\u00e1inkat szellemi \u00e9s fizikai munkak\u00f6r\u00f6kbe egyar\u00e1nt.","breadcrumb":{"@id":"https:\/\/bayerconstruct.hu\/en\/career\/#breadcrumb"},"inLanguage":"en-US","potentialAction":[{"@type":"ReadAction","target":["https:\/\/bayerconstruct.hu\/en\/career\/"]}]},{"@type":"ImageObject","inLanguage":"en-US","@id":"https:\/\/bayerconstruct.hu\/en\/career\/#primaryimage","url":"https:\/\/bayerconstruct.hu\/wp-content\/uploads\/2024\/05\/152_5.jpg","contentUrl":"https:\/\/bayerconstruct.hu\/wp-content\/uploads\/2024\/05\/152_5.jpg","width":2560,"height":1709},{"@type":"BreadcrumbList","@id":"https:\/\/bayerconstruct.hu\/en\/career\/#breadcrumb","itemListElement":[{"@type":"ListItem","position":1,"name":"Kezd\u0151lap","item":"https:\/\/bayerconstruct.hu\/en\/"},{"@type":"ListItem","position":2,"name":"Career"}]},{"@type":"WebSite","@id":"https:\/\/bayerconstruct.hu\/en\/#website","url":"https:\/\/bayerconstruct.hu\/en\/","name":"Bayer Construct","description":"","publisher":{"@id":"https:\/\/bayerconstruct.hu\/en\/#organization"},"potentialAction":[{"@type":"SearchAction","target":{"@type":"EntryPoint","urlTemplate":"https:\/\/bayerconstruct.hu\/en\/?s={search_term_string}"},"query-input":{"@type":"PropertyValueSpecification","valueRequired":true,"valueName":"search_term_string"}}],"inLanguage":"en-US"},{"@type":"Organization","@id":"https:\/\/bayerconstruct.hu\/en\/#organization","name":"Bayer Construct","url":"https:\/\/bayerconstruct.hu\/en\/","logo":{"@type":"ImageObject","inLanguage":"en-US","@id":"https:\/\/bayerconstruct.hu\/en\/#\/schema\/logo\/image\/","url":"https:\/\/bayerconstruct.hu\/wp-content\/uploads\/2024\/04\/bayer-construct-sm-c.png","contentUrl":"https:\/\/bayerconstruct.hu\/wp-content\/uploads\/2024\/04\/bayer-construct-sm-c.png","width":400,"height":155,"caption":"Bayer Construct"},"image":{"@id":"https:\/\/bayerconstruct.hu\/en\/#\/schema\/logo\/image\/"},"sameAs":["https:\/\/www.facebook.com\/bayerconstruct\/","https:\/\/www.instagram.com\/bayerconstruct","https:\/\/www.linkedin.com\/company\/bayer-construct-zrt"]}]}},"_links":{"self":[{"href":"https:\/\/bayerconstruct.hu\/en\/wp-json\/wp\/v2\/pages\/9960","targetHints":{"allow":["GET"]}}],"collection":[{"href":"https:\/\/bayerconstruct.hu\/en\/wp-json\/wp\/v2\/pages"}],"about":[{"href":"https:\/\/bayerconstruct.hu\/en\/wp-json\/wp\/v2\/types\/page"}],"author":[{"embeddable":true,"href":"https:\/\/bayerconstruct.hu\/en\/wp-json\/wp\/v2\/users\/1"}],"replies":[{"embeddable":true,"href":"https:\/\/bayerconstruct.hu\/en\/wp-json\/wp\/v2\/comments?post=9960"}],"version-history":[{"count":5,"href":"https:\/\/bayerconstruct.hu\/en\/wp-json\/wp\/v2\/pages\/9960\/revisions"}],"predecessor-version":[{"id":11190,"href":"https:\/\/bayerconstruct.hu\/en\/wp-json\/wp\/v2\/pages\/9960\/revisions\/11190"}],"wp:featuredmedia":[{"embeddable":true,"href":"https:\/\/bayerconstruct.hu\/en\/wp-json\/wp\/v2\/media\/8726"}],"wp:attachment":[{"href":"https:\/\/bayerconstruct.hu\/en\/wp-json\/wp\/v2\/media?parent=9960"}],"curies":[{"name":"wp","href":"https:\/\/api.w.org\/{rel}","templated":true}]}}