{"id":9958,"date":"2024-06-06T13:09:45","date_gmt":"2024-06-06T11:09:45","guid":{"rendered":"https:\/\/bayerconstruct.hu\/strategiai-partnerek\/"},"modified":"2025-07-07T10:05:31","modified_gmt":"2025-07-07T08:05:31","slug":"strategiai-partnerek","status":"publish","type":"page","link":"https:\/\/bayerconstruct.hu\/en\/strategiai-partnerek\/","title":{"rendered":"Education and sports"},"content":{"rendered":"<section class=\"l-section wpb_row us_custom_81f65fa3 flex-row height_custom color_primary\"><div class=\"l-section-overlay\" style=\"background:linear-gradient(0deg,rgba(0,0,0,0.40),rgba(0,0,0,0.15))\"><\/div><div class=\"l-section-h i-cf\"><div class=\"g-cols vc_row via_grid cols_1 laptops-cols_inherit tablets-cols_1 mobiles-cols_1 valign_bottom type_default stacking_default\" style=\"--columns-gap:0rem;\"><div class=\"wpb_column vc_column_container\"><div class=\"vc_column-inner\"><h1 class=\"w-post-elm post_title entry-title color_link_inherit\">Education and sports<\/h1><\/div><\/div><\/div><\/div><\/section><section class=\"l-section wpb_row height_custom\"><div class=\"l-section-h i-cf\"><div class=\"g-cols vc_row via_grid cols_1 laptops-cols_inherit tablets-cols_inherit mobiles-cols_1 valign_top type_default stacking_default\"><div class=\"wpb_column vc_column_container\"><div class=\"vc_column-inner\"><div class=\"wpb_text_column\"><div class=\"wpb_wrapper\"><\/div><\/div><div class=\"w-separator size_medium\"><\/div><div class=\"w-grid us_grid type_grid layout_510 cols_2 preload_style_spinner ratio_4x3\" id=\"us_grid_1\" style=\"--columns:2;--gap:1.5rem;--item-ratio:0.75;\" data-filterable=\"true\"><style>@media (max-width:600px){#us_grid_1{--columns:1!important}}.layout_510 .w-grid-item-h{}.layout_510 .usg_post_image_1{transition-duration:0.3s;transform-origin:50% 50%;transform:scale(1) translate(0%,0%)}.layout_510 .w-grid-item-h:focus-within .usg_post_image_1,.layout_510 .w-grid-item-h:hover .usg_post_image_1{transform:scale(1.1) translate(0%,0%);opacity:1}.layout_510 .usg_post_image_1{width:100%!important;height:100%!important;min-height:300px!important;position:absolute!important}.layout_510 .usg_hwrapper_1{width:100%!important;height:100%!important;position:absolute!important;overflow:hidden!important}.layout_510 .usg_vwrapper_3{width:100%!important;height:100%!important;padding:3rem!important;background:linear-gradient(360deg,rgba(0,0,0,0.50),rgba(0,0,0,0.00))!important}.layout_510 .usg_post_title_1{color:#ffffff!important}<\/style><div class=\"w-grid-list\">\t<article class=\"w-grid-item size_1x1 post-9955 strategiai-partnerek type-strategiai-partnerek status-publish format-standard has-post-thumbnail hentry strategiai-partnerek-kategoria-egysegek\" data-id=\"9955\">\r\n\t\t<div class=\"w-grid-item-h\">\r\n\t\t\t\t\t\t\t<a href=\"https:\/\/bayerconstruct.hu\/en\/strategiai-partnerek\/tudasepito-team\/\" class=\"w-grid-item-anchor\" aria-label=\"Tud\u00e1s\u00e9p\u00edt\u0151-Team\"><\/a>\r\n\t\t\t\t\t\t<div class=\"w-hwrapper usg_hwrapper_1 align_none valign_bottom\" style=\"--hwrapper-gap:0rem\"><div class=\"w-vwrapper usg_vwrapper_3 align_none valign_bottom\"><h4 class=\"w-post-elm post_title usg_post_title_1 has_text_color align_left entry-title color_link_inherit\">Tud\u00e1s\u00e9p\u00edt\u0151-Team<\/h4><\/div><div class=\"w-post-elm post_image usg_post_image_1 has_width has_height stretched\"><img decoding=\"async\" width=\"1920\" height=\"1277\" src=\"https:\/\/bayerconstruct.hu\/wp-content\/uploads\/2024\/05\/HD_230519_EM_9646.jpg\" class=\"attachment-full size-full wp-post-image\" alt=\"\" srcset=\"https:\/\/bayerconstruct.hu\/wp-content\/uploads\/2024\/05\/HD_230519_EM_9646.jpg 1920w, https:\/\/bayerconstruct.hu\/wp-content\/uploads\/2024\/05\/HD_230519_EM_9646-300x200.jpg 300w, https:\/\/bayerconstruct.hu\/wp-content\/uploads\/2024\/05\/HD_230519_EM_9646-1024x681.jpg 1024w\" sizes=\"(max-width: 1920px) 100vw, 1920px\" \/><\/div><\/div>\t\t<\/div>\r\n\t\t\t<\/article>\r\n\t<article class=\"w-grid-item size_1x1 post-9947 strategiai-partnerek type-strategiai-partnerek status-publish format-standard has-post-thumbnail hentry strategiai-partnerek-kategoria-egysegek\" data-id=\"9947\">\r\n\t\t<div class=\"w-grid-item-h\">\r\n\t\t\t\t\t\t\t<a href=\"https:\/\/bayerconstruct.hu\/en\/strategiai-partnerek\/karpati-farkasok-sports-club\/\" class=\"w-grid-item-anchor\" aria-label=\"K\u00e1rp\u00e1ti Farkasok Sports Club\"><\/a>\r\n\t\t\t\t\t\t<div class=\"w-hwrapper usg_hwrapper_1 align_none valign_bottom\" style=\"--hwrapper-gap:0rem\"><div class=\"w-vwrapper usg_vwrapper_3 align_none valign_bottom\"><h4 class=\"w-post-elm post_title usg_post_title_1 has_text_color align_left entry-title color_link_inherit\">K\u00e1rp\u00e1ti Farkasok Sports Club<\/h4><\/div><div class=\"w-post-elm post_image usg_post_image_1 has_width has_height stretched\"><img decoding=\"async\" width=\"1920\" height=\"1282\" src=\"https:\/\/bayerconstruct.hu\/wp-content\/uploads\/2024\/05\/U15__58_6.jpg\" class=\"attachment-full size-full wp-post-image\" alt=\"\" srcset=\"https:\/\/bayerconstruct.hu\/wp-content\/uploads\/2024\/05\/U15__58_6.jpg 1920w, https:\/\/bayerconstruct.hu\/wp-content\/uploads\/2024\/05\/U15__58_6-300x200.jpg 300w, https:\/\/bayerconstruct.hu\/wp-content\/uploads\/2024\/05\/U15__58_6-1024x684.jpg 1024w\" sizes=\"(max-width: 1920px) 100vw, 1920px\" \/><\/div><\/div>\t\t<\/div>\r\n\t\t\t<\/article>\r\n\t<article class=\"w-grid-item size_1x1 post-9951 strategiai-partnerek type-strategiai-partnerek status-publish format-standard has-post-thumbnail hentry strategiai-partnerek-kategoria-egysegek\" data-id=\"9951\">\r\n\t\t<div class=\"w-grid-item-h\">\r\n\t\t\t\t\t\t\t<a href=\"https:\/\/bayerconstruct.hu\/en\/strategiai-partnerek\/gyergyo-hockey-club\/\" class=\"w-grid-item-anchor\" aria-label=\"Gyergy\u00f3 Hockey Club\"><\/a>\r\n\t\t\t\t\t\t<div class=\"w-hwrapper usg_hwrapper_1 align_none valign_bottom\" style=\"--hwrapper-gap:0rem\"><div class=\"w-vwrapper usg_vwrapper_3 align_none valign_bottom\"><h4 class=\"w-post-elm post_title usg_post_title_1 has_text_color align_left entry-title color_link_inherit\">Gyergy\u00f3 Hockey Club<\/h4><\/div><div class=\"w-post-elm post_image usg_post_image_1 has_width has_height stretched\"><img decoding=\"async\" width=\"1920\" height=\"1080\" src=\"https:\/\/bayerconstruct.hu\/wp-content\/uploads\/2025\/05\/borito-1.jpg\" class=\"attachment-full size-full wp-post-image\" alt=\"\" srcset=\"https:\/\/bayerconstruct.hu\/wp-content\/uploads\/2025\/05\/borito-1.jpg 1920w, https:\/\/bayerconstruct.hu\/wp-content\/uploads\/2025\/05\/borito-1-300x169.jpg 300w, https:\/\/bayerconstruct.hu\/wp-content\/uploads\/2025\/05\/borito-1-1024x576.jpg 1024w\" sizes=\"(max-width: 1920px) 100vw, 1920px\" \/><\/div><\/div>\t\t<\/div>\r\n\t\t\t<\/article>\r\n<\/div>\t<div class=\"w-grid-preloader\">\r\n\t\t<div class=\"g-preloader type_1\">\r\n\t\t\t<div><\/div>\r\n\t\t<\/div>\r\n\t<\/div>\r\n\t\t<div class=\"w-grid-json hidden\" onclick='return {&quot;action&quot;:&quot;us_ajax_grid&quot;,&quot;infinite_scroll&quot;:0,&quot;max_num_pages&quot;:1,&quot;pagination&quot;:&quot;none&quot;,&quot;template_vars&quot;:{&quot;columns&quot;:&quot;2&quot;,&quot;exclude_items&quot;:&quot;none&quot;,&quot;img_size&quot;:&quot;default&quot;,&quot;ignore_items_size&quot;:0,&quot;items_layout&quot;:&quot;510&quot;,&quot;items_offset&quot;:&quot;1&quot;,&quot;load_animation&quot;:&quot;none&quot;,&quot;overriding_link&quot;:&quot;%7B%22type%22%3A%22post%22%7D&quot;,&quot;post_id&quot;:0,&quot;query_args&quot;:{&quot;post_type&quot;:[&quot;strategiai-partnerek&quot;],&quot;post_status&quot;:[&quot;publish&quot;,&quot;acf-disabled&quot;],&quot;posts_per_page&quot;:999},&quot;orderby_query_args&quot;:{&quot;orderby&quot;:{&quot;menu_order&quot;:&quot;ASC&quot;},&quot;order&quot;:&quot;ASC&quot;},&quot;type&quot;:&quot;grid&quot;,&quot;us_grid_post_type&quot;:&quot;strategiai-partnerek&quot;,&quot;us_grid_ajax_index&quot;:1,&quot;us_grid_filter_query_string&quot;:null,&quot;us_grid_index&quot;:1,&quot;page_args&quot;:[],&quot;lang&quot;:&quot;en&quot;}}'><\/div>\r\n\t<\/div><\/div><\/div><\/div><\/div><\/section>\n","protected":false},"excerpt":{"rendered":"[vc_custom_heading text=\"Our company has been a committed supporter of the Gyergy\u00f3 Hockey Club for many years. We firmly believe that passion for sport, teamwork, and perseverance are values that align closely with our corporate philosophy.\" font_container=\"tag:h4|text_align:left\" use_theme_fonts=\"yes\"]The performance of the Gyergy\u00f3 Hockey Club is a true success story in both Transylvanian and Hungarian ice hockey....","protected":false},"author":1,"featured_media":0,"parent":0,"menu_order":0,"comment_status":"closed","ping_status":"closed","template":"","meta":{"_acf_changed":false,"footnotes":""},"class_list":["post-9958","page","type-page","status-publish","hentry"],"acf":[],"yoast_head":"<!-- This site is optimized with the Yoast SEO plugin v27.2 - https:\/\/yoast.com\/product\/yoast-seo-wordpress\/ -->\n<title>Education and sports - Bayer Construct<\/title>\n<meta name=\"robots\" content=\"index, follow, max-snippet:-1, max-image-preview:large, max-video-preview:-1\" \/>\n<link rel=\"canonical\" href=\"https:\/\/bayerconstruct.hu\/en\/strategiai-partnerek\/\" \/>\n<meta property=\"og:locale\" content=\"en_US\" \/>\n<meta property=\"og:type\" content=\"article\" \/>\n<meta property=\"og:title\" content=\"Education and sports - Bayer Construct\" \/>\n<meta property=\"og:url\" content=\"https:\/\/bayerconstruct.hu\/en\/strategiai-partnerek\/\" \/>\n<meta property=\"og:site_name\" content=\"Bayer Construct\" \/>\n<meta property=\"article:publisher\" content=\"https:\/\/www.facebook.com\/bayerconstruct\/\" \/>\n<meta property=\"article:modified_time\" content=\"2025-07-07T08:05:31+00:00\" \/>\n<meta name=\"twitter:card\" content=\"summary_large_image\" \/>\n<meta name=\"twitter:label1\" content=\"Est. reading time\" \/>\n\t<meta name=\"twitter:data1\" content=\"1 minute\" \/>\n<script type=\"application\/ld+json\" class=\"yoast-schema-graph\">{\"@context\":\"https:\/\/schema.org\",\"@graph\":[{\"@type\":\"WebPage\",\"@id\":\"https:\/\/bayerconstruct.hu\/en\/strategiai-partnerek\/\",\"url\":\"https:\/\/bayerconstruct.hu\/en\/strategiai-partnerek\/\",\"name\":\"Education and sports - Bayer Construct\",\"isPartOf\":{\"@id\":\"https:\/\/bayerconstruct.hu\/en\/#website\"},\"datePublished\":\"2024-06-06T11:09:45+00:00\",\"dateModified\":\"2025-07-07T08:05:31+00:00\",\"breadcrumb\":{\"@id\":\"https:\/\/bayerconstruct.hu\/en\/strategiai-partnerek\/#breadcrumb\"},\"inLanguage\":\"en-US\",\"potentialAction\":[{\"@type\":\"ReadAction\",\"target\":[\"https:\/\/bayerconstruct.hu\/en\/strategiai-partnerek\/\"]}]},{\"@type\":\"BreadcrumbList\",\"@id\":\"https:\/\/bayerconstruct.hu\/en\/strategiai-partnerek\/#breadcrumb\",\"itemListElement\":[{\"@type\":\"ListItem\",\"position\":1,\"name\":\"Kezd\u0151lap\",\"item\":\"https:\/\/bayerconstruct.hu\/en\/\"},{\"@type\":\"ListItem\",\"position\":2,\"name\":\"Education and sports\"}]},{\"@type\":\"WebSite\",\"@id\":\"https:\/\/bayerconstruct.hu\/en\/#website\",\"url\":\"https:\/\/bayerconstruct.hu\/en\/\",\"name\":\"Bayer Construct\",\"description\":\"\",\"publisher\":{\"@id\":\"https:\/\/bayerconstruct.hu\/en\/#organization\"},\"potentialAction\":[{\"@type\":\"SearchAction\",\"target\":{\"@type\":\"EntryPoint\",\"urlTemplate\":\"https:\/\/bayerconstruct.hu\/en\/?s={search_term_string}\"},\"query-input\":{\"@type\":\"PropertyValueSpecification\",\"valueRequired\":true,\"valueName\":\"search_term_string\"}}],\"inLanguage\":\"en-US\"},{\"@type\":\"Organization\",\"@id\":\"https:\/\/bayerconstruct.hu\/en\/#organization\",\"name\":\"Bayer Construct\",\"url\":\"https:\/\/bayerconstruct.hu\/en\/\",\"logo\":{\"@type\":\"ImageObject\",\"inLanguage\":\"en-US\",\"@id\":\"https:\/\/bayerconstruct.hu\/en\/#\/schema\/logo\/image\/\",\"url\":\"https:\/\/bayerconstruct.hu\/wp-content\/uploads\/2024\/04\/bayer-construct-sm-c.png\",\"contentUrl\":\"https:\/\/bayerconstruct.hu\/wp-content\/uploads\/2024\/04\/bayer-construct-sm-c.png\",\"width\":400,\"height\":155,\"caption\":\"Bayer Construct\"},\"image\":{\"@id\":\"https:\/\/bayerconstruct.hu\/en\/#\/schema\/logo\/image\/\"},\"sameAs\":[\"https:\/\/www.facebook.com\/bayerconstruct\/\",\"https:\/\/www.instagram.com\/bayerconstruct\",\"https:\/\/www.linkedin.com\/company\/bayer-construct-zrt\"]}]}<\/script>\n<!-- \/ Yoast SEO plugin. -->","yoast_head_json":{"title":"Education and sports - Bayer Construct","robots":{"index":"index","follow":"follow","max-snippet":"max-snippet:-1","max-image-preview":"max-image-preview:large","max-video-preview":"max-video-preview:-1"},"canonical":"https:\/\/bayerconstruct.hu\/en\/strategiai-partnerek\/","og_locale":"en_US","og_type":"article","og_title":"Education and sports - Bayer Construct","og_url":"https:\/\/bayerconstruct.hu\/en\/strategiai-partnerek\/","og_site_name":"Bayer Construct","article_publisher":"https:\/\/www.facebook.com\/bayerconstruct\/","article_modified_time":"2025-07-07T08:05:31+00:00","twitter_card":"summary_large_image","twitter_misc":{"Est. reading time":"1 minute"},"schema":{"@context":"https:\/\/schema.org","@graph":[{"@type":"WebPage","@id":"https:\/\/bayerconstruct.hu\/en\/strategiai-partnerek\/","url":"https:\/\/bayerconstruct.hu\/en\/strategiai-partnerek\/","name":"Education and sports - Bayer Construct","isPartOf":{"@id":"https:\/\/bayerconstruct.hu\/en\/#website"},"datePublished":"2024-06-06T11:09:45+00:00","dateModified":"2025-07-07T08:05:31+00:00","breadcrumb":{"@id":"https:\/\/bayerconstruct.hu\/en\/strategiai-partnerek\/#breadcrumb"},"inLanguage":"en-US","potentialAction":[{"@type":"ReadAction","target":["https:\/\/bayerconstruct.hu\/en\/strategiai-partnerek\/"]}]},{"@type":"BreadcrumbList","@id":"https:\/\/bayerconstruct.hu\/en\/strategiai-partnerek\/#breadcrumb","itemListElement":[{"@type":"ListItem","position":1,"name":"Kezd\u0151lap","item":"https:\/\/bayerconstruct.hu\/en\/"},{"@type":"ListItem","position":2,"name":"Education and sports"}]},{"@type":"WebSite","@id":"https:\/\/bayerconstruct.hu\/en\/#website","url":"https:\/\/bayerconstruct.hu\/en\/","name":"Bayer Construct","description":"","publisher":{"@id":"https:\/\/bayerconstruct.hu\/en\/#organization"},"potentialAction":[{"@type":"SearchAction","target":{"@type":"EntryPoint","urlTemplate":"https:\/\/bayerconstruct.hu\/en\/?s={search_term_string}"},"query-input":{"@type":"PropertyValueSpecification","valueRequired":true,"valueName":"search_term_string"}}],"inLanguage":"en-US"},{"@type":"Organization","@id":"https:\/\/bayerconstruct.hu\/en\/#organization","name":"Bayer Construct","url":"https:\/\/bayerconstruct.hu\/en\/","logo":{"@type":"ImageObject","inLanguage":"en-US","@id":"https:\/\/bayerconstruct.hu\/en\/#\/schema\/logo\/image\/","url":"https:\/\/bayerconstruct.hu\/wp-content\/uploads\/2024\/04\/bayer-construct-sm-c.png","contentUrl":"https:\/\/bayerconstruct.hu\/wp-content\/uploads\/2024\/04\/bayer-construct-sm-c.png","width":400,"height":155,"caption":"Bayer Construct"},"image":{"@id":"https:\/\/bayerconstruct.hu\/en\/#\/schema\/logo\/image\/"},"sameAs":["https:\/\/www.facebook.com\/bayerconstruct\/","https:\/\/www.instagram.com\/bayerconstruct","https:\/\/www.linkedin.com\/company\/bayer-construct-zrt"]}]}},"_links":{"self":[{"href":"https:\/\/bayerconstruct.hu\/en\/wp-json\/wp\/v2\/pages\/9958","targetHints":{"allow":["GET"]}}],"collection":[{"href":"https:\/\/bayerconstruct.hu\/en\/wp-json\/wp\/v2\/pages"}],"about":[{"href":"https:\/\/bayerconstruct.hu\/en\/wp-json\/wp\/v2\/types\/page"}],"author":[{"embeddable":true,"href":"https:\/\/bayerconstruct.hu\/en\/wp-json\/wp\/v2\/users\/1"}],"replies":[{"embeddable":true,"href":"https:\/\/bayerconstruct.hu\/en\/wp-json\/wp\/v2\/comments?post=9958"}],"version-history":[{"count":7,"href":"https:\/\/bayerconstruct.hu\/en\/wp-json\/wp\/v2\/pages\/9958\/revisions"}],"predecessor-version":[{"id":10386,"href":"https:\/\/bayerconstruct.hu\/en\/wp-json\/wp\/v2\/pages\/9958\/revisions\/10386"}],"wp:attachment":[{"href":"https:\/\/bayerconstruct.hu\/en\/wp-json\/wp\/v2\/media?parent=9958"}],"curies":[{"name":"wp","href":"https:\/\/api.w.org\/{rel}","templated":true}]}}