{"id":10294,"date":"2025-05-23T14:27:05","date_gmt":"2025-05-23T12:27:05","guid":{"rendered":"https:\/\/bayerconstruct.hu\/kozlemenyek\/"},"modified":"2026-05-04T12:52:49","modified_gmt":"2026-05-04T10:52:49","slug":"announcements","status":"publish","type":"page","link":"https:\/\/bayerconstruct.hu\/en\/announcements\/","title":{"rendered":"Announcements"},"content":{"rendered":"<section class=\"l-section wpb_row height_custom\"><div class=\"l-section-h i-cf\"><div class=\"g-cols vc_row via_grid cols_1 laptops-cols_inherit tablets-cols_inherit mobiles-cols_1 valign_top type_default stacking_default\"><div class=\"wpb_column vc_column_container\"><div class=\"vc_column-inner\"><h1 class=\"w-post-elm post_title align_left entry-title color_link_inherit\">Announcements<\/h1><\/div><\/div><\/div><\/div><\/section><section class=\"l-section wpb_row height_custom\"><div class=\"l-section-h i-cf\"><div class=\"g-cols vc_row via_grid cols_1 laptops-cols_inherit tablets-cols_inherit mobiles-cols_1 valign_top type_default stacking_default\"><div class=\"wpb_column vc_column_container\"><div class=\"vc_column-inner\"><div class=\"w-tabs us_custom_b32a63db has_text_color style_default switch_click accordion has_scrolling\"><div class=\"w-tabs-sections titles-align_none icon_chevron cpos_right\"><div class=\"w-tabs-section\" id=\"sf12\"><button class=\"w-tabs-section-header\" aria-controls=\"content-sf12\" aria-expanded=\"false\"><h5 class=\"w-tabs-section-title\">2026<\/h5><div class=\"w-tabs-section-control\"><\/div><\/button><div  class=\"w-tabs-section-content\" id=\"content-sf12\"><div class=\"w-tabs-section-content-h i-cf\"><div class=\"wpb_text_column\"><div class=\"wpb_wrapper\"><p><a href=\"https:\/\/bayerconstruct.hu\/wp-content\/uploads\/2026\/03\/BAYER_reszvenyadasvetel-tajekoztatas.pdf\" target=\"_blank\" rel=\"noopener\">BAYER CONSTRUCT Zrt. r\u00e9szv\u00e9nyad\u00e1sv\u00e9tel t\u00e1j\u00e9koztat\u00e1s 2026.01.23<\/a><\/p>\n<\/div><\/div><\/div><\/div><\/div><div class=\"w-tabs-section\" id=\"z0ec\"><button class=\"w-tabs-section-header\" aria-controls=\"content-z0ec\" aria-expanded=\"false\"><h5 class=\"w-tabs-section-title\">2025<\/h5><div class=\"w-tabs-section-control\"><\/div><\/button><div  class=\"w-tabs-section-content\" id=\"content-z0ec\"><div class=\"w-tabs-section-content-h i-cf\"><div class=\"wpb_text_column\"><div class=\"wpb_wrapper\"><p><a href=\"https:\/\/bayerconstruct.hu\/wp-content\/uploads\/2026\/03\/BAYER-CONSTRUCT_BESZAMOLO_2025.06.30.pdf\" target=\"_blank\" rel=\"noopener\">BAYER CONSTRUCT Zrt. konszolid\u00e1lt besz\u00e1mol\u00f3 2025.06.30<\/a><a href=\"https:\/\/bayerconstruct.hu\/wp-content\/uploads\/2025\/08\/Scope-Ratings-GmbH-2025.pdf\"><br \/>\n<\/a><a href=\"https:\/\/bayerconstruct.hu\/wp-content\/uploads\/2026\/03\/BAYER-CONSTRUCT-Zrt._Konszolidalt-penzugyi-jelentes_2025.06.30.pdf\" target=\"_blank\" rel=\"noopener\">BAYER CONSTRUCT Zrt. konszolid\u00e1lt jelent\u00e9s 2025.06.30<\/a><br \/>\n<a href=\"https:\/\/bayerconstruct.hu\/wp-content\/uploads\/2025\/08\/Scope-Ratings-GmbH-2025.pdf\">Scope Ratings GmbH 2025\u00a0<\/a><br \/>\n<a href=\"https:\/\/bayerconstruct.hu\/wp-content\/uploads\/2026\/05\/BAYER-CONSTRUCT-Zrt._konszolidalt-beszamolo_2025.pdf\" target=\"_blank\" rel=\"noopener\">BAYER CONSTRUCT Zrt. konszolid\u00e1lt besz\u00e1mol\u00f3 2025.12.31<\/a><br \/>\n<a href=\"https:\/\/bayerconstruct.hu\/wp-content\/uploads\/2026\/05\/BAYER-CONSTRUCT-Zrt._konszolidalt-kiegeszito-melleklet_2025.pdf\" target=\"_blank\" rel=\"noopener\">BAYER CONSTRUCT Zrt. konszolid\u00e1lt kieg\u00e9sz\u00edt\u0151 mell\u00e9klet 2025.12.31<\/a><br \/>\n<a href=\"https:\/\/bayerconstruct.hu\/wp-content\/uploads\/2026\/05\/BAYER-CONSTRUCT-Zrt._KVjelentes_2025.pdf\" target=\"_blank\" rel=\"noopener\">BAYER CONSTRUCT Zrt. KV jelent\u00e9s 2025.12.31<\/a><\/p>\n<\/div><\/div><\/div><\/div><\/div><div class=\"w-tabs-section\" id=\"r2b6\"><button class=\"w-tabs-section-header\" aria-controls=\"content-r2b6\" aria-expanded=\"false\"><h5 class=\"w-tabs-section-title\">2024<\/h5><div class=\"w-tabs-section-control\"><\/div><\/button><div  class=\"w-tabs-section-content\" id=\"content-r2b6\"><div class=\"w-tabs-section-content-h i-cf\"><div class=\"wpb_text_column\"><div class=\"wpb_wrapper\"><p><a href=\"\/wp-content\/uploads\/2025\/05\/BAYER-CONSTRUCT_konszolidalt-beszamolo_2024.06.30.pdf\" target=\"_blank\" rel=\"noopener\">BAYER-CONSTRUCT_konszolidalt-beszamolo_2024.06.30.pdf<\/a><\/p>\n<p><a href=\"\/wp-content\/uploads\/2025\/05\/BAYER-CONSTRUCT_konszolidalt-feleves-jelentes_2024.06.30.pdf\" target=\"_blank\" rel=\"noopener\">BAYER-CONSTRUCT_konszolidalt-feleves-jelentes_2024.06.30.pdf<\/a><\/p>\n<p><a href=\"\/wp-content\/uploads\/2025\/05\/BAYER-CONSTRUCT-konszolidalt-beszamolo-2024.12.31-1.pdf\" target=\"_blank\" rel=\"noopener\">BAYER-CONSTRUCT-konszolidalt-beszamolo-2024.12.31-1.pdf<\/a><\/p>\n<p><a href=\"\/wp-content\/uploads\/2025\/05\/BAYER-CONSTRUCT-konszolidalt-kiegeszito-melleklet-2024.12.31.pdf\" target=\"_blank\" rel=\"noopener\">BAYER-CONSTRUCT-konszolidalt-kiegeszito-melleklet-2024.12.31.pdf<\/a><\/p>\n<p><a href=\"\/wp-content\/uploads\/2025\/05\/BAYER-CONSTRUCT-KVJelentesKonszolidalt-Beszamolo-2024.12.31.pdf\" target=\"_blank\" rel=\"noopener\">BAYER-CONSTRUCT-KVJelentesKonszolidalt-Beszamolo-2024.12.31.pdf<\/a><\/p>\n<p><a href=\"\/wp-content\/uploads\/2025\/05\/Scope-Ratings-GmbH-affirms-B_Stable_Bayer-Construct-Zrt._Aug_2024.pdf\" target=\"_blank\" rel=\"noopener\">Scope-Ratings-GmbH-affirms-B_Stable_Bayer-Construct-Zrt._Aug_2024.pdf<\/a><\/p>\n<\/div><\/div><\/div><\/div><\/div><div class=\"w-tabs-section\" id=\"e44e\"><button class=\"w-tabs-section-header\" aria-controls=\"content-e44e\" aria-expanded=\"false\"><h5 class=\"w-tabs-section-title\">2023<\/h5><div class=\"w-tabs-section-control\"><\/div><\/button><div  class=\"w-tabs-section-content\" id=\"content-e44e\"><div class=\"w-tabs-section-content-h i-cf\"><div class=\"wpb_text_column\"><div class=\"wpb_wrapper\"><p><a href=\"\/wp-content\/uploads\/2025\/05\/2_BayerConstructZrt_KVJelentes_Konszolidalt_Beszamolo_2023_HUNsigned.pdf\" target=\"_blank\" rel=\"noopener\">2_BayerConstructZrt_KVJelentes_Konszolidalt_Beszamolo_2023_HUNsigned.pdf<\/a><\/p>\n<p><a href=\"\/wp-content\/uploads\/2025\/05\/BAYER_KONSZOLIDALT_KIEGESZITO_MELLEKLET_2023.12.31.pdf\" target=\"_blank\" rel=\"noopener\">BAYER_KONSZOLIDALT_KIEGESZITO_MELLEKLET_2023.12.31.pdf<\/a><\/p>\n<p><a href=\"\/wp-content\/uploads\/2025\/05\/BAYER-CONSTRUCT_konszolidalt-beszamolo_2023.06.30.pdf\" target=\"_blank\" rel=\"noopener\">BAYER-CONSTRUCT_konszolidalt-beszamolo_2023.06.30.pdf<\/a><\/p>\n<p><a href=\"\/wp-content\/uploads\/2025\/05\/BAYER-CONSTRUCT_konszolidalt-beszamolo_2023.12.31.pdf\" target=\"_blank\" rel=\"noopener\">BAYER-CONSTRUCT_konszolidalt-beszamolo_2023.12.31.pdf<\/a><\/p>\n<p><a href=\"\/wp-content\/uploads\/2025\/05\/BAYER-CONSTRUCT_konszolidalt-jelentes_2023.06.30.pdf\" target=\"_blank\" rel=\"noopener\">BAYER-CONSTRUCT_konszolidalt-jelentes_2023.06.30.pdf<\/a><\/p>\n<p><a href=\"\/wp-content\/uploads\/2025\/05\/Scope-Ratings_Bayer-Contruct-Rating-Report_2023-Aug.pdf\" target=\"_blank\" rel=\"noopener\">Scope-Ratings_Bayer-Contruct-Rating-Report_2023-Aug.pdf<\/a><\/p>\n<\/div><\/div><\/div><\/div><\/div><div class=\"w-tabs-section\" id=\"h615\"><button class=\"w-tabs-section-header\" aria-controls=\"content-h615\" aria-expanded=\"false\"><h5 class=\"w-tabs-section-title\">2022<\/h5><div class=\"w-tabs-section-control\"><\/div><\/button><div  class=\"w-tabs-section-content\" id=\"content-h615\"><div class=\"w-tabs-section-content-h i-cf\"><div class=\"wpb_text_column\"><div class=\"wpb_wrapper\"><p><a href=\"\/wp-content\/uploads\/2025\/05\/2022-08_BayerConstructZrt_RatingReport.pdf\" target=\"_blank\" rel=\"noopener\">2022-08_BayerConstructZrt_RatingReport.pdf<\/a><\/p>\n<p><a href=\"\/wp-content\/uploads\/2025\/05\/BAYER_CONSTRUCT_ZRT_Bejegyzo-vegzes_20220317.pdf\" target=\"_blank\" rel=\"noopener\">BAYER_CONSTRUCT_ZRT_Bejegyzo-vegzes_20220317.pdf<\/a><\/p>\n<p><a href=\"\/wp-content\/uploads\/2025\/05\/BAYER_KONSZOLIDALT_KIEGESZITO_MELLEKLET_2022.pdf\" target=\"_blank\" rel=\"noopener\">BAYER_KONSZOLIDALT_KIEGESZITO_MELLEKLET_2022.pdf<\/a><\/p>\n<p><a href=\"\/wp-content\/uploads\/2025\/05\/BAYER-CONSTRUCT_beszamolo_2022.06.30.pdf\" target=\"_blank\" rel=\"noopener\">BAYER-CONSTRUCT_beszamolo_2022.06.30.pdf<\/a><\/p>\n<p><a href=\"\/wp-content\/uploads\/2025\/05\/BAYER-CONSTRUCT_konszolidalt-beszamolo_2022.12.31.pdf\" target=\"_blank\" rel=\"noopener\">BAYER-CONSTRUCT_konszolidalt-beszamolo_2022.12.31.pdf<\/a><\/p>\n<p><a href=\"\/wp-content\/uploads\/2025\/05\/BayerConstructZrt_KVJelentes_Konszolidalt_Beszamolo_2022.12.31.pdf\" target=\"_blank\" rel=\"noopener\">BayerConstructZrt_KVJelentes_Konszolidalt_Beszamolo_2022.12.31.pdf<\/a><\/p>\n<p><a href=\"\/wp-content\/uploads\/2025\/05\/Befektetoi-kapcsolattarto.pdf\" target=\"_blank\" rel=\"noopener\">Befektetoi-kapcsolattarto.pdf<\/a><\/p>\n<p><a href=\"\/wp-content\/uploads\/2025\/05\/BET-altal_jovahagyott_Informacios-dokumentum_XBond_2022.pdf\" target=\"_blank\" rel=\"noopener\">BET-altal_jovahagyott_Informacios-dokumentum_XBond_2022.pdf<\/a><\/p>\n<p><a href=\"\/wp-content\/uploads\/2025\/05\/BET-altali_Informacios-dokumentum_jovahagyas_XBond_2022.pdf\" target=\"_blank\" rel=\"noopener\">BET-altali_Informacios-dokumentum_jovahagyas_XBond_2022.pdf<\/a><\/p>\n<p><a href=\"\/wp-content\/uploads\/2025\/05\/ScopeRatings_BayerConstructZrtRatingReport_2021Aug.pdf\" target=\"_blank\" rel=\"noopener\">ScopeRatings_BayerConstructZrtRatingReport_2021Aug.pdf<\/a><\/p>\n<p><a href=\"\/wp-content\/uploads\/2025\/05\/Tajekoztatasi-kotelezettseg-nyelve.pdf\" target=\"_blank\" rel=\"noopener\">Tajekoztatasi-kotelezettseg-nyelve.pdf<\/a><\/p>\n<\/div><\/div><\/div><\/div><\/div><div class=\"w-tabs-section\" id=\"t795\"><button class=\"w-tabs-section-header\" aria-controls=\"content-t795\" aria-expanded=\"false\"><h5 class=\"w-tabs-section-title\">2021<\/h5><div class=\"w-tabs-section-control\"><\/div><\/button><div  class=\"w-tabs-section-content\" id=\"content-t795\"><div class=\"w-tabs-section-content-h i-cf\"><div class=\"wpb_text_column\"><div class=\"wpb_wrapper\"><p><a href=\"\/wp-content\/uploads\/2025\/05\/BAYER_CONSTRUCT_ZRT_fuggetlen_konyvvizsgaloi_jelentes_2021.pdf\" target=\"_blank\" rel=\"noopener\">BAYER_CONSTRUCT_ZRT_fuggetlen_konyvvizsgaloi_jelentes_2021.pdf<\/a><\/p>\n<p><a href=\"\/wp-content\/uploads\/2025\/05\/BAYER_CONSTRUCT_ZRT_kiegeszito_melleklet_2021.pdf\" target=\"_blank\" rel=\"noopener\">BAYER_CONSTRUCT_ZRT_kiegeszito_melleklet_2021.pdf<\/a><\/p>\n<p><a href=\"\/wp-content\/uploads\/2025\/05\/BAYER_CONSTRUCT_ZRT_kozgyulesi_jegyzokonyv_2021.pdf\" target=\"_blank\" rel=\"noopener\">BAYER_CONSTRUCT_ZRT_kozgyulesi_jegyzokonyv_2021.pdf<\/a><\/p>\n<p><a href=\"\/wp-content\/uploads\/2025\/05\/BAYER_KONSZOLIDALT_KIEGESZITO_MELLEKLET_2021.pdf\" target=\"_blank\" rel=\"noopener\">BAYER_KONSZOLIDALT_KIEGESZITO_MELLEKLET_2021.pdf<\/a><\/p>\n<p><a href=\"\/wp-content\/uploads\/2025\/05\/BAYER-CONSTRUCT_konszolidalt-beszamolo_2021.12.31.pdf\" target=\"_blank\" rel=\"noopener\">BAYER-CONSTRUCT_konszolidalt-beszamolo_2021.12.31.pdf<\/a><\/p>\n<p><a href=\"\/wp-content\/uploads\/2025\/05\/BayerConstructZrt_KVJelentes_Konszolidalt_Beszamolo_2021_HUN_kozzetetel.pdf\" target=\"_blank\" rel=\"noopener\">BayerConstructZrt_KVJelentes_Konszolidalt_Beszamolo_2021_HUN_kozzetetel.pdf<\/a><\/p>\n<p><a href=\"\/wp-content\/uploads\/2025\/05\/Beszamolo_BAYER-CONSTRUCT-Zrt_2021.pdf\" target=\"_blank\" rel=\"noopener\">Beszamolo_BAYER-CONSTRUCT-Zrt_2021.pdf<\/a><\/p>\n<\/div><\/div><\/div><\/div><\/div><div class=\"w-tabs-section\" id=\"a8fd\"><button class=\"w-tabs-section-header\" aria-controls=\"content-a8fd\" aria-expanded=\"false\"><h5 class=\"w-tabs-section-title\">2020<\/h5><div class=\"w-tabs-section-control\"><\/div><\/button><div  class=\"w-tabs-section-content\" id=\"content-a8fd\"><div class=\"w-tabs-section-content-h i-cf\"><div class=\"wpb_text_column\"><div class=\"wpb_wrapper\"><p><a href=\"\/wp-content\/uploads\/2025\/05\/Beszamolo_BAYER-CONSTRUCT_2020.pdf\" target=\"_blank\" rel=\"noopener\">Beszamolo_BAYER-CONSTRUCT_2020.pdf<\/a><\/p>\n<p><a href=\"\/wp-content\/uploads\/2025\/05\/Fuggetlen-konyvvizsgaloi-jelentes_BAYER-CONSTRUCT_2020.pdf\" target=\"_blank\" rel=\"noopener\">Fuggetlen-konyvvizsgaloi-jelentes_BAYER-CONSTRUCT_2020.pdf<\/a><\/p>\n<p><a href=\"\/wp-content\/uploads\/2025\/05\/Kiegeszito-melleklet_BAYER-CONSTRUCT_2020.pdf\" target=\"_blank\" rel=\"noopener\">Kiegeszito-melleklet_BAYER-CONSTRUCT_2020.pdf<\/a><\/p>\n<p><a href=\"\/wp-content\/uploads\/2025\/05\/Kozgyulesi-jkv_BAYER-CONSTRUCT_2020.pdf\" target=\"_blank\" rel=\"noopener\">Kozgyulesi-jkv_BAYER-CONSTRUCT_2020.pdf<\/a><\/p>\n<\/div><\/div><\/div><\/div><\/div><div class=\"w-tabs-section\" id=\"ma7b\"><button class=\"w-tabs-section-header\" aria-controls=\"content-ma7b\" aria-expanded=\"false\"><h5 class=\"w-tabs-section-title\">2019<\/h5><div class=\"w-tabs-section-control\"><\/div><\/button><div  class=\"w-tabs-section-content\" id=\"content-ma7b\"><div class=\"w-tabs-section-content-h i-cf\"><div class=\"wpb_text_column\"><div class=\"wpb_wrapper\"><p><a href=\"\/wp-content\/uploads\/2025\/05\/Beszamolo_BAYER-CONSTRUCT_2019.pdf\" target=\"_blank\" rel=\"noopener\">Beszamolo_BAYER-CONSTRUCT_2019.pdf<\/a><\/p>\n<p><a href=\"\/wp-content\/uploads\/2025\/05\/Fuggetlen-konyvvizsgaloi-jelentes_BAYER-CONSTRUCT_2019.pdf\" target=\"_blank\" rel=\"noopener\">Fuggetlen-konyvvizsgaloi-jelentes_BAYER-CONSTRUCT_2019.pdf<\/a><\/p>\n<p><a href=\"\/wp-content\/uploads\/2025\/05\/Kiegeszito-melleklet_BAYER-CONSTRUCT_2019.pdf\" target=\"_blank\" rel=\"noopener\">Kiegeszito-melleklet_BAYER-CONSTRUCT_2019.pdf<\/a><\/p>\n<p><a href=\"\/wp-content\/uploads\/2025\/05\/Kiegeszito-melleklet_BAYER-CONSTRUCT_2019-1.pdf\" target=\"_blank\" rel=\"noopener\">Kiegeszito-melleklet_BAYER-CONSTRUCT_2019-1.pdf<\/a><\/p>\n<p><a href=\"\/wp-content\/uploads\/2025\/05\/Kozgyulesi-jkv_BAYER-CONSTRUCT_2019.pdf\" target=\"_blank\" rel=\"noopener\">Kozgyulesi-jkv_BAYER-CONSTRUCT_2019.pdf<\/a><\/p>\n<\/div><\/div><\/div><\/div><\/div><div class=\"w-tabs-section\" id=\"cbd3\"><button class=\"w-tabs-section-header\" aria-controls=\"content-cbd3\" aria-expanded=\"false\"><h5 class=\"w-tabs-section-title\">2018<\/h5><div class=\"w-tabs-section-control\"><\/div><\/button><div  class=\"w-tabs-section-content\" id=\"content-cbd3\"><div class=\"w-tabs-section-content-h i-cf\"><div class=\"wpb_text_column\"><div class=\"wpb_wrapper\"><p><a href=\"\/wp-content\/uploads\/2025\/05\/Beszamolo_BAYER-CONSTRUCT_2018.pdf\" target=\"_blank\" rel=\"noopener\">Beszamolo_BAYER-CONSTRUCT_2018.pdf<\/a><\/p>\n<p><a href=\"\/wp-content\/uploads\/2025\/05\/Fuggetlen-konyvvizsgaloi-jelentes_BAYER-CONSTRUCT_2018.pdf\" target=\"_blank\" rel=\"noopener\">Fuggetlen-konyvvizsgaloi-jelentes_BAYER-CONSTRUCT_2018.pdf<\/a><\/p>\n<p><a href=\"\/wp-content\/uploads\/2025\/05\/Kiegeszito-melleklet_BAYER-CONSTRUCT_2018.pdf\" target=\"_blank\" rel=\"noopener\">Kiegeszito-melleklet_BAYER-CONSTRUCT_2018.pdf<\/a><\/p>\n<p><a href=\"\/wp-content\/uploads\/2025\/05\/Kozgyulesi-jkv_BAYER-CONSTRUCT_2018.pdf\" target=\"_blank\" rel=\"noopener\">Kozgyulesi-jkv_BAYER-CONSTRUCT_2018.pdf<\/a><\/p>\n<\/div><\/div><\/div><\/div><\/div><\/div><\/div><\/div><\/div><\/div><\/div><\/section>\n","protected":false},"excerpt":{"rendered":"Announcements2026BAYER CONSTRUCT Zrt. r\u00e9szv\u00e9nyad\u00e1sv\u00e9tel t\u00e1j\u00e9koztat\u00e1s 2026.01.23 2025BAYER CONSTRUCT Zrt. konszolid\u00e1lt besz\u00e1mol\u00f3 2025.06.30 BAYER CONSTRUCT Zrt. konszolid\u00e1lt jelent\u00e9s 2025.06.30 Scope Ratings GmbH 2025\u00a0 BAYER CONSTRUCT Zrt. konszolid\u00e1lt besz\u00e1mol\u00f3 2025.12.31 BAYER CONSTRUCT Zrt. konszolid\u00e1lt kieg\u00e9sz\u00edt\u0151 mell\u00e9klet 2025.12.31 BAYER CONSTRUCT Zrt. KV jelent\u00e9s 2025.12.31 2024BAYER-CONSTRUCT_konszolidalt-beszamolo_2024.06.30.pdf BAYER-CONSTRUCT_konszolidalt-feleves-jelentes_2024.06.30.pdf BAYER-CONSTRUCT-konszolidalt-beszamolo-2024.12.31-1.pdf BAYER-CONSTRUCT-konszolidalt-kiegeszito-melleklet-2024.12.31.pdf BAYER-CONSTRUCT-KVJelentesKonszolidalt-Beszamolo-2024.12.31.pdf Scope-Ratings-GmbH-affirms-B_Stable_Bayer-Construct-Zrt._Aug_2024.pdf 20232_BayerConstructZrt_KVJelentes_Konszolidalt_Beszamolo_2023_HUNsigned.pdf BAYER_KONSZOLIDALT_KIEGESZITO_MELLEKLET_2023.12.31.pdf BAYER-CONSTRUCT_konszolidalt-beszamolo_2023.06.30.pdf BAYER-CONSTRUCT_konszolidalt-beszamolo_2023.12.31.pdf BAYER-CONSTRUCT_konszolidalt-jelentes_2023.06.30.pdf Scope-Ratings_Bayer-Contruct-Rating-Report_2023-Aug.pdf 20222022-08_BayerConstructZrt_RatingReport.pdf BAYER_CONSTRUCT_ZRT_Bejegyzo-vegzes_20220317.pdf...","protected":false},"author":1,"featured_media":0,"parent":0,"menu_order":0,"comment_status":"closed","ping_status":"closed","template":"","meta":{"_acf_changed":false,"footnotes":""},"class_list":["post-10294","page","type-page","status-publish","hentry"],"acf":[],"yoast_head":"<!-- This site is optimized with the Yoast SEO plugin v27.2 - https:\/\/yoast.com\/product\/yoast-seo-wordpress\/ -->\n<title>Announcements - Bayer Construct<\/title>\n<meta name=\"robots\" content=\"index, follow, max-snippet:-1, max-image-preview:large, max-video-preview:-1\" \/>\n<link rel=\"canonical\" href=\"https:\/\/bayerconstruct.hu\/en\/announcements\/\" \/>\n<meta property=\"og:locale\" content=\"en_US\" \/>\n<meta property=\"og:type\" content=\"article\" \/>\n<meta property=\"og:title\" content=\"Announcements - Bayer Construct\" \/>\n<meta property=\"og:url\" content=\"https:\/\/bayerconstruct.hu\/en\/announcements\/\" \/>\n<meta property=\"og:site_name\" content=\"Bayer Construct\" \/>\n<meta property=\"article:publisher\" content=\"https:\/\/www.facebook.com\/bayerconstruct\/\" \/>\n<meta property=\"article:modified_time\" content=\"2026-05-04T10:52:49+00:00\" \/>\n<meta name=\"twitter:card\" content=\"summary_large_image\" \/>\n<meta name=\"twitter:label1\" content=\"Est. reading time\" \/>\n\t<meta name=\"twitter:data1\" content=\"1 minute\" \/>\n<script type=\"application\/ld+json\" class=\"yoast-schema-graph\">{\"@context\":\"https:\/\/schema.org\",\"@graph\":[{\"@type\":\"WebPage\",\"@id\":\"https:\/\/bayerconstruct.hu\/en\/announcements\/\",\"url\":\"https:\/\/bayerconstruct.hu\/en\/announcements\/\",\"name\":\"Announcements - Bayer Construct\",\"isPartOf\":{\"@id\":\"https:\/\/bayerconstruct.hu\/en\/#website\"},\"datePublished\":\"2025-05-23T12:27:05+00:00\",\"dateModified\":\"2026-05-04T10:52:49+00:00\",\"breadcrumb\":{\"@id\":\"https:\/\/bayerconstruct.hu\/en\/announcements\/#breadcrumb\"},\"inLanguage\":\"en-US\",\"potentialAction\":[{\"@type\":\"ReadAction\",\"target\":[\"https:\/\/bayerconstruct.hu\/en\/announcements\/\"]}]},{\"@type\":\"BreadcrumbList\",\"@id\":\"https:\/\/bayerconstruct.hu\/en\/announcements\/#breadcrumb\",\"itemListElement\":[{\"@type\":\"ListItem\",\"position\":1,\"name\":\"Kezd\u0151lap\",\"item\":\"https:\/\/bayerconstruct.hu\/en\/\"},{\"@type\":\"ListItem\",\"position\":2,\"name\":\"Announcements\"}]},{\"@type\":\"WebSite\",\"@id\":\"https:\/\/bayerconstruct.hu\/en\/#website\",\"url\":\"https:\/\/bayerconstruct.hu\/en\/\",\"name\":\"Bayer Construct\",\"description\":\"\",\"publisher\":{\"@id\":\"https:\/\/bayerconstruct.hu\/en\/#organization\"},\"potentialAction\":[{\"@type\":\"SearchAction\",\"target\":{\"@type\":\"EntryPoint\",\"urlTemplate\":\"https:\/\/bayerconstruct.hu\/en\/?s={search_term_string}\"},\"query-input\":{\"@type\":\"PropertyValueSpecification\",\"valueRequired\":true,\"valueName\":\"search_term_string\"}}],\"inLanguage\":\"en-US\"},{\"@type\":\"Organization\",\"@id\":\"https:\/\/bayerconstruct.hu\/en\/#organization\",\"name\":\"Bayer Construct\",\"url\":\"https:\/\/bayerconstruct.hu\/en\/\",\"logo\":{\"@type\":\"ImageObject\",\"inLanguage\":\"en-US\",\"@id\":\"https:\/\/bayerconstruct.hu\/en\/#\/schema\/logo\/image\/\",\"url\":\"https:\/\/bayerconstruct.hu\/wp-content\/uploads\/2024\/04\/bayer-construct-sm-c.png\",\"contentUrl\":\"https:\/\/bayerconstruct.hu\/wp-content\/uploads\/2024\/04\/bayer-construct-sm-c.png\",\"width\":400,\"height\":155,\"caption\":\"Bayer Construct\"},\"image\":{\"@id\":\"https:\/\/bayerconstruct.hu\/en\/#\/schema\/logo\/image\/\"},\"sameAs\":[\"https:\/\/www.facebook.com\/bayerconstruct\/\",\"https:\/\/www.instagram.com\/bayerconstruct\",\"https:\/\/www.linkedin.com\/company\/bayer-construct-zrt\"]}]}<\/script>\n<!-- \/ Yoast SEO plugin. -->","yoast_head_json":{"title":"Announcements - Bayer Construct","robots":{"index":"index","follow":"follow","max-snippet":"max-snippet:-1","max-image-preview":"max-image-preview:large","max-video-preview":"max-video-preview:-1"},"canonical":"https:\/\/bayerconstruct.hu\/en\/announcements\/","og_locale":"en_US","og_type":"article","og_title":"Announcements - Bayer Construct","og_url":"https:\/\/bayerconstruct.hu\/en\/announcements\/","og_site_name":"Bayer Construct","article_publisher":"https:\/\/www.facebook.com\/bayerconstruct\/","article_modified_time":"2026-05-04T10:52:49+00:00","twitter_card":"summary_large_image","twitter_misc":{"Est. reading time":"1 minute"},"schema":{"@context":"https:\/\/schema.org","@graph":[{"@type":"WebPage","@id":"https:\/\/bayerconstruct.hu\/en\/announcements\/","url":"https:\/\/bayerconstruct.hu\/en\/announcements\/","name":"Announcements - Bayer Construct","isPartOf":{"@id":"https:\/\/bayerconstruct.hu\/en\/#website"},"datePublished":"2025-05-23T12:27:05+00:00","dateModified":"2026-05-04T10:52:49+00:00","breadcrumb":{"@id":"https:\/\/bayerconstruct.hu\/en\/announcements\/#breadcrumb"},"inLanguage":"en-US","potentialAction":[{"@type":"ReadAction","target":["https:\/\/bayerconstruct.hu\/en\/announcements\/"]}]},{"@type":"BreadcrumbList","@id":"https:\/\/bayerconstruct.hu\/en\/announcements\/#breadcrumb","itemListElement":[{"@type":"ListItem","position":1,"name":"Kezd\u0151lap","item":"https:\/\/bayerconstruct.hu\/en\/"},{"@type":"ListItem","position":2,"name":"Announcements"}]},{"@type":"WebSite","@id":"https:\/\/bayerconstruct.hu\/en\/#website","url":"https:\/\/bayerconstruct.hu\/en\/","name":"Bayer Construct","description":"","publisher":{"@id":"https:\/\/bayerconstruct.hu\/en\/#organization"},"potentialAction":[{"@type":"SearchAction","target":{"@type":"EntryPoint","urlTemplate":"https:\/\/bayerconstruct.hu\/en\/?s={search_term_string}"},"query-input":{"@type":"PropertyValueSpecification","valueRequired":true,"valueName":"search_term_string"}}],"inLanguage":"en-US"},{"@type":"Organization","@id":"https:\/\/bayerconstruct.hu\/en\/#organization","name":"Bayer Construct","url":"https:\/\/bayerconstruct.hu\/en\/","logo":{"@type":"ImageObject","inLanguage":"en-US","@id":"https:\/\/bayerconstruct.hu\/en\/#\/schema\/logo\/image\/","url":"https:\/\/bayerconstruct.hu\/wp-content\/uploads\/2024\/04\/bayer-construct-sm-c.png","contentUrl":"https:\/\/bayerconstruct.hu\/wp-content\/uploads\/2024\/04\/bayer-construct-sm-c.png","width":400,"height":155,"caption":"Bayer Construct"},"image":{"@id":"https:\/\/bayerconstruct.hu\/en\/#\/schema\/logo\/image\/"},"sameAs":["https:\/\/www.facebook.com\/bayerconstruct\/","https:\/\/www.instagram.com\/bayerconstruct","https:\/\/www.linkedin.com\/company\/bayer-construct-zrt"]}]}},"_links":{"self":[{"href":"https:\/\/bayerconstruct.hu\/en\/wp-json\/wp\/v2\/pages\/10294","targetHints":{"allow":["GET"]}}],"collection":[{"href":"https:\/\/bayerconstruct.hu\/en\/wp-json\/wp\/v2\/pages"}],"about":[{"href":"https:\/\/bayerconstruct.hu\/en\/wp-json\/wp\/v2\/types\/page"}],"author":[{"embeddable":true,"href":"https:\/\/bayerconstruct.hu\/en\/wp-json\/wp\/v2\/users\/1"}],"replies":[{"embeddable":true,"href":"https:\/\/bayerconstruct.hu\/en\/wp-json\/wp\/v2\/comments?post=10294"}],"version-history":[{"count":4,"href":"https:\/\/bayerconstruct.hu\/en\/wp-json\/wp\/v2\/pages\/10294\/revisions"}],"predecessor-version":[{"id":13426,"href":"https:\/\/bayerconstruct.hu\/en\/wp-json\/wp\/v2\/pages\/10294\/revisions\/13426"}],"wp:attachment":[{"href":"https:\/\/bayerconstruct.hu\/en\/wp-json\/wp\/v2\/media?parent=10294"}],"curies":[{"name":"wp","href":"https:\/\/api.w.org\/{rel}","templated":true}]}}