{"id":10290,"date":"2024-05-13T15:49:03","date_gmt":"2024-05-13T13:49:03","guid":{"rendered":"https:\/\/bayerconstruct.hu\/dokumentumtar\/"},"modified":"2025-08-13T09:46:20","modified_gmt":"2025-08-13T07:46:20","slug":"documents","status":"publish","type":"page","link":"https:\/\/bayerconstruct.hu\/en\/documents\/","title":{"rendered":"Documents"},"content":{"rendered":"<section class=\"l-section wpb_row height_custom\"><div class=\"l-section-h i-cf\"><div class=\"g-cols vc_row via_grid cols_1 laptops-cols_inherit tablets-cols_inherit mobiles-cols_1 valign_top type_default stacking_default\"><div class=\"wpb_column vc_column_container\"><div class=\"vc_column-inner\"><h1 class=\"w-post-elm post_title align_left entry-title color_link_inherit\">Documents<\/h1><\/div><\/div><\/div><\/div><\/section><section class=\"l-section wpb_row height_custom\"><div class=\"l-section-h i-cf\"><div class=\"g-cols vc_row via_grid cols_1 laptops-cols_inherit tablets-cols_inherit mobiles-cols_1 valign_top type_default stacking_default\"><div class=\"wpb_column vc_column_container\"><div class=\"vc_column-inner\"><div class=\"w-tabs us_custom_b32a63db has_text_color style_default switch_click accordion has_scrolling\"><div class=\"w-tabs-sections titles-align_none icon_chevron cpos_right\"><div class=\"w-tabs-section\" id=\"aa27\"><button class=\"w-tabs-section-header\" aria-controls=\"content-aa27\" aria-expanded=\"false\"><h5 class=\"w-tabs-section-title\">Documents<\/h5><div class=\"w-tabs-section-control\"><\/div><\/button><div  class=\"w-tabs-section-content\" id=\"content-aa27\"><div class=\"w-tabs-section-content-h i-cf\"><div class=\"wpb_text_column\"><div class=\"wpb_wrapper\"><p><a href=\"https:\/\/bayerconstruct.hu\/wp-content\/uploads\/2025\/07\/Telj_Nyil_CK-CPR-T0295-TB_visszavont.pdf\">Teljes\u00edtm\u00e9nynyilatkozat, CK-CPR-T0295-TB, visszavont<\/a><\/p>\n<p><a href=\"https:\/\/bayerconstruct.hu\/wp-content\/uploads\/2025\/07\/Telj_Nyil_CK-CPR-T0295-CKT.pdf\">Teljes\u00edtm\u00e9nynyilatkozat, CK-CPR-T0295-CKT<\/a><\/p>\n<p><a href=\"https:\/\/bayerconstruct.hu\/wp-content\/uploads\/2025\/07\/Telj_Nyil_CK-CPR-NME0060.pdf\">Teljes\u00edtm\u00e9nynyilatkozat, CK-CPR-NM\u00c90060<\/a><\/p>\n<p><a href=\"https:\/\/bayerconstruct.hu\/wp-content\/uploads\/2025\/08\/Teljesitmenynyilatkozat-CK-CPR-NME0073.pdf\">Teljes\u00edtm\u00e9nynyilatkozat, CK-CPR-NM\u00c90073<\/a><\/p>\n<p><a href=\"https:\/\/bayerconstruct.hu\/wp-content\/uploads\/2025\/07\/Bayer-Construct-SCC-Politika-20250203.pdf\">Bayer Construct Zrt., SCC Politika,2025.02.03.<\/a><\/p>\n<p><a href=\"https:\/\/bayerconstruct.hu\/wp-content\/uploads\/2025\/07\/Bayer-Construct-MIR-KIR-MEB-politika_20250301.pdf\">Bayer Construct Zrt., Min\u0151s\u00e9g-, K\u00f6rnyezet- \u00e9s MEB Politika, 2025.03.01.<\/a><\/p>\n<p><a href=\"https:\/\/bayerconstruct.hu\/wp-content\/uploads\/2025\/07\/Bayer-Construct-Biztonsag-politika_20240529.pdf\">Bayer Construct Zrt., Biztons\u00e1gi Politika, 2024.05.29.<\/a><\/p>\n<p><a href=\"https:\/\/bayerconstruct.hu\/wp-content\/uploads\/2025\/07\/Bayer-Construct_ESG_2025_FINAL_smaller_size.pdf\">Bayer Construct Zrt., ESG Jelent\u00e9s, 2025.<\/a><\/p>\n<\/div><\/div><\/div><\/div><\/div><div class=\"w-tabs-section\" id=\"i166\"><button class=\"w-tabs-section-header\" aria-controls=\"content-i166\" aria-expanded=\"false\"><h5 class=\"w-tabs-section-title\">Certificates<\/h5><div class=\"w-tabs-section-control\"><\/div><\/button><div  class=\"w-tabs-section-content\" id=\"content-i166\"><div class=\"w-tabs-section-content-h i-cf\"><div class=\"wpb_text_column\"><div class=\"wpb_wrapper\"><p><a href=\"https:\/\/bayerconstruct.hu\/wp-content\/uploads\/2025\/07\/Bayer-Construct-SNQ-Tanusitvany-Paks_II_20250206.pdf\">Bayer Construct Zrt., Paks II. Zrt., SNQ Tan\u00fas\u00edtv\u00e1ny, 2025.02.06.<\/a><\/p>\n<p><a href=\"https:\/\/bayerconstruct.hu\/wp-content\/uploads\/2025\/07\/Bayer-Construct-SCC-Tanusitvany-20250605.pdf\">Bayer Construct Zrt., SCC Tan\u00fas\u00edtv\u00e1ny, 2025.06.05.<\/a><\/p>\n<p><a href=\"https:\/\/bayerconstruct.hu\/wp-content\/uploads\/2025\/07\/Bayer-Construct-Nuklearis_Minosito_Lap_Paks_I_20241104.pdf\">Bayer Construct Zrt., MVM Paksi Atomer\u0151m\u0171 Zrt., Min\u0151s\u00edt\u0151 lap, 2024.11.04.<\/a><\/p>\n<p><a href=\"https:\/\/bayerconstruct.hu\/wp-content\/uploads\/2025\/07\/D-ZE-16083-01-00-ISO3834-2024.0078.001_Bayer-Construct.pdf\">Bayer Construct Zrt., EN ISO 3834-2, 2024.05.16.<\/a><\/p>\n<p><a href=\"https:\/\/bayerconstruct.hu\/wp-content\/uploads\/2025\/07\/DVS-ZERT-EN1090-2-SZ-2024.0379.001_Bayer-Construct.pdf\">Bayer Construct Zrt., EN 1090-2, 2024.05.16.<\/a><\/p>\n<p><a href=\"https:\/\/bayerconstruct.hu\/wp-content\/uploads\/2025\/08\/2541-CPR-EN1090-2024.0143.002_Bayer-Construct-1.pdf\">Bayer Construct Zrt., EN 1090-1, 2025.05.16.<\/a><\/p>\n<p>&nbsp;<\/p>\n<p><img decoding=\"async\" class=\"alignnone size-medium wp-image-10235\" src=\"https:\/\/bayerconstruct.hu\/wp-content\/uploads\/2025\/07\/Bayer-Construct-MIR_angol_2025-212x300.jpg\" alt=\"\" width=\"212\" height=\"300\" srcset=\"https:\/\/bayerconstruct.hu\/wp-content\/uploads\/2025\/07\/Bayer-Construct-MIR_angol_2025-212x300.jpg 212w, https:\/\/bayerconstruct.hu\/wp-content\/uploads\/2025\/07\/Bayer-Construct-MIR_angol_2025-724x1024.jpg 724w, https:\/\/bayerconstruct.hu\/wp-content\/uploads\/2025\/07\/Bayer-Construct-MIR_angol_2025.jpg 1357w\" sizes=\"(max-width: 212px) 100vw, 212px\" \/><img decoding=\"async\" class=\"alignnone size-medium wp-image-10239\" src=\"https:\/\/bayerconstruct.hu\/wp-content\/uploads\/2025\/07\/Bayer-Construct-MEBIR_angol_2025-212x300.jpg\" alt=\"\" width=\"212\" height=\"300\" srcset=\"https:\/\/bayerconstruct.hu\/wp-content\/uploads\/2025\/07\/Bayer-Construct-MEBIR_angol_2025-212x300.jpg 212w, https:\/\/bayerconstruct.hu\/wp-content\/uploads\/2025\/07\/Bayer-Construct-MEBIR_angol_2025-724x1024.jpg 724w, https:\/\/bayerconstruct.hu\/wp-content\/uploads\/2025\/07\/Bayer-Construct-MEBIR_angol_2025.jpg 1357w\" sizes=\"(max-width: 212px) 100vw, 212px\" \/><img decoding=\"async\" class=\"alignnone size-medium wp-image-10243\" src=\"https:\/\/bayerconstruct.hu\/wp-content\/uploads\/2025\/07\/Bayer-Construct-KIR_angol_2025-212x300.jpg\" alt=\"\" width=\"212\" height=\"300\" srcset=\"https:\/\/bayerconstruct.hu\/wp-content\/uploads\/2025\/07\/Bayer-Construct-KIR_angol_2025-212x300.jpg 212w, https:\/\/bayerconstruct.hu\/wp-content\/uploads\/2025\/07\/Bayer-Construct-KIR_angol_2025-724x1024.jpg 724w, https:\/\/bayerconstruct.hu\/wp-content\/uploads\/2025\/07\/Bayer-Construct-KIR_angol_2025.jpg 1357w\" sizes=\"(max-width: 212px) 100vw, 212px\" \/><\/p>\n<\/div><\/div><\/div><\/div><\/div><\/div><\/div><\/div><\/div><\/div><\/div><\/section>\n","protected":false},"excerpt":{"rendered":"DocumentsDocumentsTeljes\u00edtm\u00e9nynyilatkozat, CK-CPR-T0295-TB, visszavont Teljes\u00edtm\u00e9nynyilatkozat, CK-CPR-T0295-CKT Teljes\u00edtm\u00e9nynyilatkozat, CK-CPR-NM\u00c90060 Teljes\u00edtm\u00e9nynyilatkozat, CK-CPR-NM\u00c90073 Bayer Construct Zrt., SCC Politika,2025.02.03. Bayer Construct Zrt., Min\u0151s\u00e9g-, K\u00f6rnyezet- \u00e9s MEB Politika, 2025.03.01. Bayer Construct Zrt., Biztons\u00e1gi Politika, 2024.05.29. Bayer Construct Zrt., ESG Jelent\u00e9s, 2025. CertificatesBayer Construct Zrt., Paks II. Zrt., SNQ Tan\u00fas\u00edtv\u00e1ny, 2025.02.06. Bayer Construct Zrt., SCC Tan\u00fas\u00edtv\u00e1ny, 2025.06.05. Bayer Construct Zrt., MVM Paksi...","protected":false},"author":1,"featured_media":0,"parent":0,"menu_order":0,"comment_status":"closed","ping_status":"closed","template":"","meta":{"_acf_changed":false,"footnotes":""},"class_list":["post-10290","page","type-page","status-publish","hentry"],"acf":[],"yoast_head":"<!-- This site is optimized with the Yoast SEO plugin v27.2 - https:\/\/yoast.com\/product\/yoast-seo-wordpress\/ -->\n<title>Documents - Bayer Construct<\/title>\n<meta name=\"robots\" content=\"index, follow, max-snippet:-1, max-image-preview:large, max-video-preview:-1\" \/>\n<link rel=\"canonical\" href=\"https:\/\/bayerconstruct.hu\/en\/documents\/\" \/>\n<meta property=\"og:locale\" content=\"en_US\" \/>\n<meta property=\"og:type\" content=\"article\" \/>\n<meta property=\"og:title\" content=\"Documents - Bayer Construct\" \/>\n<meta property=\"og:url\" content=\"https:\/\/bayerconstruct.hu\/en\/documents\/\" \/>\n<meta property=\"og:site_name\" content=\"Bayer Construct\" \/>\n<meta property=\"article:publisher\" content=\"https:\/\/www.facebook.com\/bayerconstruct\/\" \/>\n<meta property=\"article:modified_time\" content=\"2025-08-13T07:46:20+00:00\" \/>\n<meta property=\"og:image\" content=\"https:\/\/bayerconstruct.hu\/wp-content\/uploads\/2025\/07\/Bayer-Construct-MIR_angol_2025.jpg\" \/>\n\t<meta property=\"og:image:width\" content=\"1357\" \/>\n\t<meta property=\"og:image:height\" content=\"1920\" \/>\n\t<meta property=\"og:image:type\" content=\"image\/jpeg\" \/>\n<meta name=\"twitter:card\" content=\"summary_large_image\" \/>\n<meta name=\"twitter:label1\" content=\"Est. reading time\" \/>\n\t<meta name=\"twitter:data1\" content=\"2 minutes\" \/>\n<script type=\"application\/ld+json\" class=\"yoast-schema-graph\">{\"@context\":\"https:\/\/schema.org\",\"@graph\":[{\"@type\":\"WebPage\",\"@id\":\"https:\/\/bayerconstruct.hu\/en\/documents\/\",\"url\":\"https:\/\/bayerconstruct.hu\/en\/documents\/\",\"name\":\"Documents - Bayer Construct\",\"isPartOf\":{\"@id\":\"https:\/\/bayerconstruct.hu\/en\/#website\"},\"primaryImageOfPage\":{\"@id\":\"https:\/\/bayerconstruct.hu\/en\/documents\/#primaryimage\"},\"image\":{\"@id\":\"https:\/\/bayerconstruct.hu\/en\/documents\/#primaryimage\"},\"thumbnailUrl\":\"https:\/\/bayerconstruct.hu\/wp-content\/uploads\/2025\/07\/Bayer-Construct-MIR_angol_2025-212x300.jpg\",\"datePublished\":\"2024-05-13T13:49:03+00:00\",\"dateModified\":\"2025-08-13T07:46:20+00:00\",\"breadcrumb\":{\"@id\":\"https:\/\/bayerconstruct.hu\/en\/documents\/#breadcrumb\"},\"inLanguage\":\"en-US\",\"potentialAction\":[{\"@type\":\"ReadAction\",\"target\":[\"https:\/\/bayerconstruct.hu\/en\/documents\/\"]}]},{\"@type\":\"ImageObject\",\"inLanguage\":\"en-US\",\"@id\":\"https:\/\/bayerconstruct.hu\/en\/documents\/#primaryimage\",\"url\":\"https:\/\/bayerconstruct.hu\/wp-content\/uploads\/2025\/07\/Bayer-Construct-MIR_angol_2025-212x300.jpg\",\"contentUrl\":\"https:\/\/bayerconstruct.hu\/wp-content\/uploads\/2025\/07\/Bayer-Construct-MIR_angol_2025-212x300.jpg\"},{\"@type\":\"BreadcrumbList\",\"@id\":\"https:\/\/bayerconstruct.hu\/en\/documents\/#breadcrumb\",\"itemListElement\":[{\"@type\":\"ListItem\",\"position\":1,\"name\":\"Kezd\u0151lap\",\"item\":\"https:\/\/bayerconstruct.hu\/en\/\"},{\"@type\":\"ListItem\",\"position\":2,\"name\":\"Documents\"}]},{\"@type\":\"WebSite\",\"@id\":\"https:\/\/bayerconstruct.hu\/en\/#website\",\"url\":\"https:\/\/bayerconstruct.hu\/en\/\",\"name\":\"Bayer Construct\",\"description\":\"\",\"publisher\":{\"@id\":\"https:\/\/bayerconstruct.hu\/en\/#organization\"},\"potentialAction\":[{\"@type\":\"SearchAction\",\"target\":{\"@type\":\"EntryPoint\",\"urlTemplate\":\"https:\/\/bayerconstruct.hu\/en\/?s={search_term_string}\"},\"query-input\":{\"@type\":\"PropertyValueSpecification\",\"valueRequired\":true,\"valueName\":\"search_term_string\"}}],\"inLanguage\":\"en-US\"},{\"@type\":\"Organization\",\"@id\":\"https:\/\/bayerconstruct.hu\/en\/#organization\",\"name\":\"Bayer Construct\",\"url\":\"https:\/\/bayerconstruct.hu\/en\/\",\"logo\":{\"@type\":\"ImageObject\",\"inLanguage\":\"en-US\",\"@id\":\"https:\/\/bayerconstruct.hu\/en\/#\/schema\/logo\/image\/\",\"url\":\"https:\/\/bayerconstruct.hu\/wp-content\/uploads\/2024\/04\/bayer-construct-sm-c.png\",\"contentUrl\":\"https:\/\/bayerconstruct.hu\/wp-content\/uploads\/2024\/04\/bayer-construct-sm-c.png\",\"width\":400,\"height\":155,\"caption\":\"Bayer Construct\"},\"image\":{\"@id\":\"https:\/\/bayerconstruct.hu\/en\/#\/schema\/logo\/image\/\"},\"sameAs\":[\"https:\/\/www.facebook.com\/bayerconstruct\/\",\"https:\/\/www.instagram.com\/bayerconstruct\",\"https:\/\/www.linkedin.com\/company\/bayer-construct-zrt\"]}]}<\/script>\n<!-- \/ Yoast SEO plugin. -->","yoast_head_json":{"title":"Documents - Bayer Construct","robots":{"index":"index","follow":"follow","max-snippet":"max-snippet:-1","max-image-preview":"max-image-preview:large","max-video-preview":"max-video-preview:-1"},"canonical":"https:\/\/bayerconstruct.hu\/en\/documents\/","og_locale":"en_US","og_type":"article","og_title":"Documents - Bayer Construct","og_url":"https:\/\/bayerconstruct.hu\/en\/documents\/","og_site_name":"Bayer Construct","article_publisher":"https:\/\/www.facebook.com\/bayerconstruct\/","article_modified_time":"2025-08-13T07:46:20+00:00","og_image":[{"width":1357,"height":1920,"url":"https:\/\/bayerconstruct.hu\/wp-content\/uploads\/2025\/07\/Bayer-Construct-MIR_angol_2025.jpg","type":"image\/jpeg"}],"twitter_card":"summary_large_image","twitter_misc":{"Est. reading time":"2 minutes"},"schema":{"@context":"https:\/\/schema.org","@graph":[{"@type":"WebPage","@id":"https:\/\/bayerconstruct.hu\/en\/documents\/","url":"https:\/\/bayerconstruct.hu\/en\/documents\/","name":"Documents - Bayer Construct","isPartOf":{"@id":"https:\/\/bayerconstruct.hu\/en\/#website"},"primaryImageOfPage":{"@id":"https:\/\/bayerconstruct.hu\/en\/documents\/#primaryimage"},"image":{"@id":"https:\/\/bayerconstruct.hu\/en\/documents\/#primaryimage"},"thumbnailUrl":"https:\/\/bayerconstruct.hu\/wp-content\/uploads\/2025\/07\/Bayer-Construct-MIR_angol_2025-212x300.jpg","datePublished":"2024-05-13T13:49:03+00:00","dateModified":"2025-08-13T07:46:20+00:00","breadcrumb":{"@id":"https:\/\/bayerconstruct.hu\/en\/documents\/#breadcrumb"},"inLanguage":"en-US","potentialAction":[{"@type":"ReadAction","target":["https:\/\/bayerconstruct.hu\/en\/documents\/"]}]},{"@type":"ImageObject","inLanguage":"en-US","@id":"https:\/\/bayerconstruct.hu\/en\/documents\/#primaryimage","url":"https:\/\/bayerconstruct.hu\/wp-content\/uploads\/2025\/07\/Bayer-Construct-MIR_angol_2025-212x300.jpg","contentUrl":"https:\/\/bayerconstruct.hu\/wp-content\/uploads\/2025\/07\/Bayer-Construct-MIR_angol_2025-212x300.jpg"},{"@type":"BreadcrumbList","@id":"https:\/\/bayerconstruct.hu\/en\/documents\/#breadcrumb","itemListElement":[{"@type":"ListItem","position":1,"name":"Kezd\u0151lap","item":"https:\/\/bayerconstruct.hu\/en\/"},{"@type":"ListItem","position":2,"name":"Documents"}]},{"@type":"WebSite","@id":"https:\/\/bayerconstruct.hu\/en\/#website","url":"https:\/\/bayerconstruct.hu\/en\/","name":"Bayer Construct","description":"","publisher":{"@id":"https:\/\/bayerconstruct.hu\/en\/#organization"},"potentialAction":[{"@type":"SearchAction","target":{"@type":"EntryPoint","urlTemplate":"https:\/\/bayerconstruct.hu\/en\/?s={search_term_string}"},"query-input":{"@type":"PropertyValueSpecification","valueRequired":true,"valueName":"search_term_string"}}],"inLanguage":"en-US"},{"@type":"Organization","@id":"https:\/\/bayerconstruct.hu\/en\/#organization","name":"Bayer Construct","url":"https:\/\/bayerconstruct.hu\/en\/","logo":{"@type":"ImageObject","inLanguage":"en-US","@id":"https:\/\/bayerconstruct.hu\/en\/#\/schema\/logo\/image\/","url":"https:\/\/bayerconstruct.hu\/wp-content\/uploads\/2024\/04\/bayer-construct-sm-c.png","contentUrl":"https:\/\/bayerconstruct.hu\/wp-content\/uploads\/2024\/04\/bayer-construct-sm-c.png","width":400,"height":155,"caption":"Bayer Construct"},"image":{"@id":"https:\/\/bayerconstruct.hu\/en\/#\/schema\/logo\/image\/"},"sameAs":["https:\/\/www.facebook.com\/bayerconstruct\/","https:\/\/www.instagram.com\/bayerconstruct","https:\/\/www.linkedin.com\/company\/bayer-construct-zrt"]}]}},"_links":{"self":[{"href":"https:\/\/bayerconstruct.hu\/en\/wp-json\/wp\/v2\/pages\/10290","targetHints":{"allow":["GET"]}}],"collection":[{"href":"https:\/\/bayerconstruct.hu\/en\/wp-json\/wp\/v2\/pages"}],"about":[{"href":"https:\/\/bayerconstruct.hu\/en\/wp-json\/wp\/v2\/types\/page"}],"author":[{"embeddable":true,"href":"https:\/\/bayerconstruct.hu\/en\/wp-json\/wp\/v2\/users\/1"}],"replies":[{"embeddable":true,"href":"https:\/\/bayerconstruct.hu\/en\/wp-json\/wp\/v2\/comments?post=10290"}],"version-history":[{"count":12,"href":"https:\/\/bayerconstruct.hu\/en\/wp-json\/wp\/v2\/pages\/10290\/revisions"}],"predecessor-version":[{"id":11302,"href":"https:\/\/bayerconstruct.hu\/en\/wp-json\/wp\/v2\/pages\/10290\/revisions\/11302"}],"wp:attachment":[{"href":"https:\/\/bayerconstruct.hu\/en\/wp-json\/wp\/v2\/media?parent=10290"}],"curies":[{"name":"wp","href":"https:\/\/api.w.org\/{rel}","templated":true}]}}